{"id":4391,"date":"2024-03-13T17:13:55","date_gmt":"2024-03-13T17:13:55","guid":{"rendered":"https:\/\/officecomputers.net\/?post_type=product&#038;p=4391"},"modified":"2025-02-25T16:09:03","modified_gmt":"2025-02-25T16:09:03","slug":"impresora-epson-workforce-pro-wf-c5210-inal-neg-col-ethernet","status":"publish","type":"product","link":"https:\/\/officecomputers.net\/index.php\/product\/impresora-epson-workforce-pro-wf-c5210-inal-neg-col-ethernet\/","title":{"rendered":"IMPRESORA EPSON WORKFORCE PRO WF-C5210 INAL NEG\/COL ETHERNET"},"content":{"rendered":"","protected":false},"excerpt":{"rendered":"<p><b>&#8211; Tipo de Producto:<\/b>\u00a0Impresora de tinta<br \/>\n<b>&#8211; Impresi\u00f3n a Doble Cara:<\/b>\u00a0Autom\u00e1tico<br \/>\n<b>&#8211; Tama\u00f1o:<\/b>\u00a0Carta, A6, A4, Executive, Media carta, Photo, Sobre No.10, Universal<br \/>\n<b>&#8211; Ciclo de rendimiento:<\/b>\u00a045000<br \/>\n<b>&#8211; Uso recomendado:<\/b> Papel para imprimir sencillo<br \/>\n<b>&#8211; Respetuoso del medio ambiente:<\/b>\u00a0S\u00ed<br \/>\n<b>&#8211; Pantalla T\u00e1ctil:<\/b>\u00a0S\u00ed<br \/>\n<b>&#8211; Ethernet:<\/b>\u00a0S\u00ed<br \/>\n<b>&#8211; LAN inal\u00e1mbrica:<\/b>\u00a0S\u00ed<br \/>\n<b>&#8211; Capacidad de medios de entradas est\u00e1ndar:<\/b>\u00a0330 Hojas<br \/>\n<b>&#8211; USB:<\/b>\u00a0S\u00ed<br \/>\n<b>&#8211; M\u00e1xima velocidad de impresi\u00f3n:<\/b>\u00a034<br \/>\n<b>&#8211; M\u00e1xima velocidad de impresi\u00f3n a color:<\/b>\u00a034<br \/>\n<b>&#8211; Familia de producto:<\/b>\u00a0WorkForce Pro<br \/>\n<b>&#8211; Impresi\u00f3n directa USB:<\/b>\u00a0S\u00ed<br \/>\n<b>&#8211; Capacidad de impresi\u00f3n a color:<\/b>\u00a0Color<br \/>\n<b>&#8211; Resoluci\u00f3n m\u00e1xima de impresi\u00f3n (dpi):<\/b>\u00a04800 x 1200<br \/>\n<b>&#8211; Peso (Aproximado):<\/b>\u00a015.29kg<br \/>\n<b>&#8211; Formato:<\/b>\u00a0De Escritorio<br \/>\n<b>&#8211; Altura:<\/b>\u00a0449.6mm<br \/>\n<b>&#8211; Anchura:<\/b>\u00a0424.2mm<br \/>\n<b>&#8211; Profundidad:<\/b>\u00a0579.1mm<br \/>\n<b>&#8211; Voltaje de Entrada:<\/b>\u00a0230 V AC, 120 V AC<br \/>\n<b>&#8211; Fuente de Corriente:<\/b>\u00a0Fuente de alimentaci\u00f3n<br \/>\n<b>&#8211; C\u00f3digo de Fabricante:<\/b>\u00a0C11CG06301<br \/>\n<b>&#8211; Direcci\u00f3n Web de Fabricante:<\/b>\u00a0http\/\/www.epson.com<br \/>\n<b>&#8211; Fabricante:<\/b>\u00a0Epson Corporation<br \/>\n<b>&#8211; Modelo de Producto:<\/b>\u00a0WF-C5210<br \/>\n<b>&#8211; Nombre de Producto:<\/b>\u00a0WorkForce Pro WF-C5210 Inkjet Printer<br \/>\n<b>&#8211; L\u00ednea de Producto:<\/b>\u00a0WorkForce Pro<br \/>\n<b>&#8211; Impresi\u00f3n a Doble Cara:<\/b>\u00a0Autom\u00e1tico<br \/>\n<b>&#8211; Uso recomendado:<\/b>\u00a0Papel para imprimir sencillo<br \/>\n<b>&#8211; Velocidad de impresi\u00f3n color ISO (ppm):<\/b>\u00a024<br \/>\n<b>&#8211; Velocidad de impresi\u00f3n ISO (ppm):<\/b>\u00a024<br \/>\n<b>&#8211; Impresi\u00f3n directa USB:<\/b>\u00a0S\u00ed<br \/>\n<b>&#8211; Capacidad de impresi\u00f3n a color:<\/b>\u00a0Color<br \/>\n<b>&#8211; Resoluci\u00f3n m\u00e1xima de impresi\u00f3n (dpi):<\/b>\u00a04800 x 1200<br \/>\n<b>&#8211; USB:<\/b>\u00a0S\u00ed<br \/>\n<b>&#8211; Tama\u00f1o de Pantalla:<\/b>\u00a06.1cm (2.4&#8243;)<br \/>\n<b>&#8211; Pantalla T\u00e1ctil:<\/b>\u00a0S\u00ed<br \/>\n<b>&#8211; Ethernet:<\/b>\u00a0S\u00ed<br \/>\n<b>&#8211; LAN inal\u00e1mbrica:<\/b>\u00a0S\u00ed<br \/>\n<b>&#8211; Tecnolog\u00eda Ethernet:<\/b> Gigabit Ethernet<br \/>\n<b>&#8211; Capacidad de medios de entradas est\u00e1ndar:<\/b>\u00a0330 Hojas<br \/>\n<b>&#8211; Respetuoso del medio ambiente:<\/b>\u00a0S\u00ed<br \/>\n<b>&#8211; Energy Star:<\/b>\u00a0S\u00ed<\/p>\n","protected":false},"featured_media":4392,"comment_status":"open","ping_status":"closed","template":"","meta":[],"product_brand":[],"product_cat":[186],"product_tag":[],"class_list":{"0":"post-4391","1":"product","2":"type-product","3":"status-publish","4":"has-post-thumbnail","6":"product_cat-impresoras","7":"yith_product_brand-epson","9":"first","10":"instock","11":"taxable","12":"shipping-taxable","13":"product-type-simple"},"acf":[],"jetpack_sharing_enabled":true,"_links":{"self":[{"href":"https:\/\/officecomputers.net\/index.php\/wp-json\/wp\/v2\/product\/4391","targetHints":{"allow":["GET"]}}],"collection":[{"href":"https:\/\/officecomputers.net\/index.php\/wp-json\/wp\/v2\/product"}],"about":[{"href":"https:\/\/officecomputers.net\/index.php\/wp-json\/wp\/v2\/types\/product"}],"replies":[{"embeddable":true,"href":"https:\/\/officecomputers.net\/index.php\/wp-json\/wp\/v2\/comments?post=4391"}],"version-history":[{"count":3,"href":"https:\/\/officecomputers.net\/index.php\/wp-json\/wp\/v2\/product\/4391\/revisions"}],"predecessor-version":[{"id":4399,"href":"https:\/\/officecomputers.net\/index.php\/wp-json\/wp\/v2\/product\/4391\/revisions\/4399"}],"wp:featuredmedia":[{"embeddable":true,"href":"https:\/\/officecomputers.net\/index.php\/wp-json\/wp\/v2\/media\/4392"}],"wp:attachment":[{"href":"https:\/\/officecomputers.net\/index.php\/wp-json\/wp\/v2\/media?parent=4391"}],"wp:term":[{"taxonomy":"product_brand","embeddable":true,"href":"https:\/\/officecomputers.net\/index.php\/wp-json\/wp\/v2\/product_brand?post=4391"},{"taxonomy":"product_cat","embeddable":true,"href":"https:\/\/officecomputers.net\/index.php\/wp-json\/wp\/v2\/product_cat?post=4391"},{"taxonomy":"product_tag","embeddable":true,"href":"https:\/\/officecomputers.net\/index.php\/wp-json\/wp\/v2\/product_tag?post=4391"}],"curies":[{"name":"wp","href":"https:\/\/api.w.org\/{rel}","templated":true}]}}