{"id":4190,"date":"2023-09-22T20:32:48","date_gmt":"2023-09-22T20:32:48","guid":{"rendered":"https:\/\/officecomputers.net\/?post_type=product&#038;p=4190"},"modified":"2025-02-25T15:59:57","modified_gmt":"2025-02-25T15:59:57","slug":"ups-ablerex-online-3000va-2700w-120v-plus-8-salidas","status":"publish","type":"product","link":"https:\/\/officecomputers.net\/index.php\/product\/ups-ablerex-online-3000va-2700w-120v-plus-8-salidas\/","title":{"rendered":"UPS ABLEREX ONLINE 3000VA\/2700W 120V PLUS 8 SALIDAS"},"content":{"rendered":"","protected":false},"excerpt":{"rendered":"<ul>\n<li>ARES PLUS Tower tiene una serie de funciones inteligentes que aumentan la duraci\u00f3n de la bater\u00eda.<\/li>\n<li>Gracias a la nueva funci\u00f3n de control de protecci\u00f3n de descarga de la bater\u00eda, prolonga la durabilidad y proporciona control remoto en las aplicaciones.<\/li>\n<li>Operaci\u00f3n multimodo para m\u00e1xima adaptabilidad.<\/li>\n<li>El dise\u00f1o inteligente del ventilador proporciona un funcionamiento m\u00e1s silencioso<\/li>\n<\/ul>\n","protected":false},"featured_media":4191,"comment_status":"open","ping_status":"closed","template":"","meta":[],"product_brand":[],"product_cat":[96],"product_tag":[],"class_list":{"0":"post-4190","1":"product","2":"type-product","3":"status-publish","4":"has-post-thumbnail","6":"product_cat-baterias-ups","8":"first","9":"instock","10":"taxable","11":"shipping-taxable","12":"product-type-simple"},"acf":[],"jetpack_sharing_enabled":true,"_links":{"self":[{"href":"https:\/\/officecomputers.net\/index.php\/wp-json\/wp\/v2\/product\/4190","targetHints":{"allow":["GET"]}}],"collection":[{"href":"https:\/\/officecomputers.net\/index.php\/wp-json\/wp\/v2\/product"}],"about":[{"href":"https:\/\/officecomputers.net\/index.php\/wp-json\/wp\/v2\/types\/product"}],"replies":[{"embeddable":true,"href":"https:\/\/officecomputers.net\/index.php\/wp-json\/wp\/v2\/comments?post=4190"}],"version-history":[{"count":1,"href":"https:\/\/officecomputers.net\/index.php\/wp-json\/wp\/v2\/product\/4190\/revisions"}],"predecessor-version":[{"id":4193,"href":"https:\/\/officecomputers.net\/index.php\/wp-json\/wp\/v2\/product\/4190\/revisions\/4193"}],"wp:featuredmedia":[{"embeddable":true,"href":"https:\/\/officecomputers.net\/index.php\/wp-json\/wp\/v2\/media\/4191"}],"wp:attachment":[{"href":"https:\/\/officecomputers.net\/index.php\/wp-json\/wp\/v2\/media?parent=4190"}],"wp:term":[{"taxonomy":"product_brand","embeddable":true,"href":"https:\/\/officecomputers.net\/index.php\/wp-json\/wp\/v2\/product_brand?post=4190"},{"taxonomy":"product_cat","embeddable":true,"href":"https:\/\/officecomputers.net\/index.php\/wp-json\/wp\/v2\/product_cat?post=4190"},{"taxonomy":"product_tag","embeddable":true,"href":"https:\/\/officecomputers.net\/index.php\/wp-json\/wp\/v2\/product_tag?post=4190"}],"curies":[{"name":"wp","href":"https:\/\/api.w.org\/{rel}","templated":true}]}}