{"id":4141,"date":"2023-09-21T21:26:49","date_gmt":"2023-09-21T21:26:49","guid":{"rendered":"https:\/\/officecomputers.net\/?post_type=product&#038;p=4141"},"modified":"2025-04-03T20:01:39","modified_gmt":"2025-04-03T20:01:39","slug":"toner-hp-q2612a-original-negro-1010","status":"publish","type":"product","link":"https:\/\/officecomputers.net\/index.php\/product\/toner-hp-q2612a-original-negro-1010\/","title":{"rendered":"TONER HP Q2612A ORIGINAL NEGRO 1010"},"content":{"rendered":"","protected":false},"excerpt":{"rendered":"<ul class=\"a-unordered-list a-vertical a-spacing-mini\">\n<li class=\"a-spacing-mini\"><span class=\"a-list-item\">Los cartuchos de t\u00f3ner HP 12A (Q2612A) funcionan con: HP LaserJet 1012, 1018, 1020, 1022, 3015, 3020, 3030, 3050, 3052, 3055, M1319.<\/span><\/li>\n<li class=\"a-spacing-mini\"><span class=\"a-list-item\">Rendimiento del cartucho (aprox.):2,000 p\u00e1ginas.<\/span><\/li>\n<li class=\"a-spacing-mini\"><span class=\"a-list-item\">El t\u00f3ner 12A est\u00e1 dise\u00f1ado para trabajar con tu impresora HP y brindarte resultados fiables, de alta calidad en cada impresi\u00f3n.<\/span><\/li>\n<\/ul>\n","protected":false},"featured_media":4142,"comment_status":"open","ping_status":"closed","template":"","meta":[],"product_brand":[],"product_cat":[191],"product_tag":[],"class_list":{"0":"post-4141","1":"product","2":"type-product","3":"status-publish","4":"has-post-thumbnail","6":"product_cat-consumibles","7":"yith_product_brand-hp","9":"first","10":"instock","11":"taxable","12":"shipping-taxable","13":"product-type-simple"},"acf":[],"jetpack_sharing_enabled":true,"_links":{"self":[{"href":"https:\/\/officecomputers.net\/index.php\/wp-json\/wp\/v2\/product\/4141","targetHints":{"allow":["GET"]}}],"collection":[{"href":"https:\/\/officecomputers.net\/index.php\/wp-json\/wp\/v2\/product"}],"about":[{"href":"https:\/\/officecomputers.net\/index.php\/wp-json\/wp\/v2\/types\/product"}],"replies":[{"embeddable":true,"href":"https:\/\/officecomputers.net\/index.php\/wp-json\/wp\/v2\/comments?post=4141"}],"version-history":[{"count":1,"href":"https:\/\/officecomputers.net\/index.php\/wp-json\/wp\/v2\/product\/4141\/revisions"}],"predecessor-version":[{"id":4144,"href":"https:\/\/officecomputers.net\/index.php\/wp-json\/wp\/v2\/product\/4141\/revisions\/4144"}],"wp:featuredmedia":[{"embeddable":true,"href":"https:\/\/officecomputers.net\/index.php\/wp-json\/wp\/v2\/media\/4142"}],"wp:attachment":[{"href":"https:\/\/officecomputers.net\/index.php\/wp-json\/wp\/v2\/media?parent=4141"}],"wp:term":[{"taxonomy":"product_brand","embeddable":true,"href":"https:\/\/officecomputers.net\/index.php\/wp-json\/wp\/v2\/product_brand?post=4141"},{"taxonomy":"product_cat","embeddable":true,"href":"https:\/\/officecomputers.net\/index.php\/wp-json\/wp\/v2\/product_cat?post=4141"},{"taxonomy":"product_tag","embeddable":true,"href":"https:\/\/officecomputers.net\/index.php\/wp-json\/wp\/v2\/product_tag?post=4141"}],"curies":[{"name":"wp","href":"https:\/\/api.w.org\/{rel}","templated":true}]}}