{"id":4127,"date":"2023-09-21T20:55:33","date_gmt":"2023-09-21T20:55:33","guid":{"rendered":"https:\/\/officecomputers.net\/?post_type=product&#038;p=4127"},"modified":"2025-04-03T19:57:58","modified_gmt":"2025-04-03T19:57:58","slug":"toner-hp-cf402a-yellow-201a","status":"publish","type":"product","link":"https:\/\/officecomputers.net\/index.php\/product\/toner-hp-cf402a-yellow-201a\/","title":{"rendered":"TONER HP CF402A YELLOW 201A"},"content":{"rendered":"","protected":false},"excerpt":{"rendered":"<ul class=\"a-unordered-list a-vertical a-spacing-mini\">\n<li class=\"a-spacing-mini\"><span class=\"a-list-item\">Cartuchos originales HP de papel (aproximado): 1400\u00a0p\u00e1ginas<\/span><\/li>\n<li>\u00a0Cartuchos de t\u00f3ner de alto rendimiento con jetintelligence originales HP proporcionan una mayor eficiencia econ\u00f3mica con seguimiento fiable de t\u00f3ner niveles<\/li>\n<li class=\"a-spacing-mini\"><span class=\"a-list-item\">Impresora HP compatibilidad: HP Color LaserJet Pro M252, M277.<\/span><\/li>\n<li>Producir documentos de gran calidad, a velocidades de su impresora ha sido dise\u00f1ado para lograr.<\/li>\n<\/ul>\n","protected":false},"featured_media":4128,"comment_status":"open","ping_status":"closed","template":"","meta":[],"product_brand":[],"product_cat":[191],"product_tag":[],"class_list":{"0":"post-4127","1":"product","2":"type-product","3":"status-publish","4":"has-post-thumbnail","6":"product_cat-consumibles","7":"yith_product_brand-hp","9":"first","10":"instock","11":"taxable","12":"shipping-taxable","13":"product-type-simple"},"acf":[],"jetpack_sharing_enabled":true,"_links":{"self":[{"href":"https:\/\/officecomputers.net\/index.php\/wp-json\/wp\/v2\/product\/4127","targetHints":{"allow":["GET"]}}],"collection":[{"href":"https:\/\/officecomputers.net\/index.php\/wp-json\/wp\/v2\/product"}],"about":[{"href":"https:\/\/officecomputers.net\/index.php\/wp-json\/wp\/v2\/types\/product"}],"replies":[{"embeddable":true,"href":"https:\/\/officecomputers.net\/index.php\/wp-json\/wp\/v2\/comments?post=4127"}],"version-history":[{"count":1,"href":"https:\/\/officecomputers.net\/index.php\/wp-json\/wp\/v2\/product\/4127\/revisions"}],"predecessor-version":[{"id":4130,"href":"https:\/\/officecomputers.net\/index.php\/wp-json\/wp\/v2\/product\/4127\/revisions\/4130"}],"wp:featuredmedia":[{"embeddable":true,"href":"https:\/\/officecomputers.net\/index.php\/wp-json\/wp\/v2\/media\/4128"}],"wp:attachment":[{"href":"https:\/\/officecomputers.net\/index.php\/wp-json\/wp\/v2\/media?parent=4127"}],"wp:term":[{"taxonomy":"product_brand","embeddable":true,"href":"https:\/\/officecomputers.net\/index.php\/wp-json\/wp\/v2\/product_brand?post=4127"},{"taxonomy":"product_cat","embeddable":true,"href":"https:\/\/officecomputers.net\/index.php\/wp-json\/wp\/v2\/product_cat?post=4127"},{"taxonomy":"product_tag","embeddable":true,"href":"https:\/\/officecomputers.net\/index.php\/wp-json\/wp\/v2\/product_tag?post=4127"}],"curies":[{"name":"wp","href":"https:\/\/api.w.org\/{rel}","templated":true}]}}