{"id":4119,"date":"2023-09-21T20:47:41","date_gmt":"2023-09-21T20:47:41","guid":{"rendered":"https:\/\/officecomputers.net\/?post_type=product&#038;p=4119"},"modified":"2025-04-03T19:57:42","modified_gmt":"2025-04-03T19:57:42","slug":"toner-hp-85a-ce285a-negro-lj-p1102-m1132-m1212-m121","status":"publish","type":"product","link":"https:\/\/officecomputers.net\/index.php\/product\/toner-hp-85a-ce285a-negro-lj-p1102-m1132-m1212-m121\/","title":{"rendered":"TONER HP 85A CE285A NEGRO LJ P1102 M1132 M1212 M121"},"content":{"rendered":"","protected":false},"excerpt":{"rendered":"<ul class=\"a-unordered-list a-vertical a-spacing-mini\">\n<li class=\"a-spacing-mini\"><span class=\"a-list-item\">Cartucho T\u00f3ner Original HP con tecnolog\u00eda de impresi\u00f3n l\u00e1ser compatible con impresoras HP LaserJet P1102, P1102w, M1132 MFP, Pro M1212 MFP, Pro M1210, Pro M1217nfw y Pro M1212nf MFP<\/span><\/li>\n<li class=\"a-spacing-mini\"><span class=\"a-list-item\">Adecuado para la impresi\u00f3n empresarial diaria de documentos como informes, cartas y facturas; rendimiento medio de impresi\u00f3n: 1.600 p\u00e1ginas<\/span><\/li>\n<li class=\"a-spacing-mini\"><span class=\"a-list-item\">Los cartuchos de t\u00f3ner HP 85 permiten imprimir textos claros e im\u00e1genes n\u00edtidas en blanco y negro con resultados homog\u00e9neos y profesionales<\/span><\/li>\n<\/ul>\n","protected":false},"featured_media":4120,"comment_status":"open","ping_status":"closed","template":"","meta":[],"product_brand":[],"product_cat":[191],"product_tag":[],"class_list":{"0":"post-4119","1":"product","2":"type-product","3":"status-publish","4":"has-post-thumbnail","6":"product_cat-consumibles","7":"yith_product_brand-hp","9":"first","10":"instock","11":"taxable","12":"shipping-taxable","13":"product-type-simple"},"acf":[],"jetpack_sharing_enabled":true,"_links":{"self":[{"href":"https:\/\/officecomputers.net\/index.php\/wp-json\/wp\/v2\/product\/4119","targetHints":{"allow":["GET"]}}],"collection":[{"href":"https:\/\/officecomputers.net\/index.php\/wp-json\/wp\/v2\/product"}],"about":[{"href":"https:\/\/officecomputers.net\/index.php\/wp-json\/wp\/v2\/types\/product"}],"replies":[{"embeddable":true,"href":"https:\/\/officecomputers.net\/index.php\/wp-json\/wp\/v2\/comments?post=4119"}],"version-history":[{"count":1,"href":"https:\/\/officecomputers.net\/index.php\/wp-json\/wp\/v2\/product\/4119\/revisions"}],"predecessor-version":[{"id":4122,"href":"https:\/\/officecomputers.net\/index.php\/wp-json\/wp\/v2\/product\/4119\/revisions\/4122"}],"wp:featuredmedia":[{"embeddable":true,"href":"https:\/\/officecomputers.net\/index.php\/wp-json\/wp\/v2\/media\/4120"}],"wp:attachment":[{"href":"https:\/\/officecomputers.net\/index.php\/wp-json\/wp\/v2\/media?parent=4119"}],"wp:term":[{"taxonomy":"product_brand","embeddable":true,"href":"https:\/\/officecomputers.net\/index.php\/wp-json\/wp\/v2\/product_brand?post=4119"},{"taxonomy":"product_cat","embeddable":true,"href":"https:\/\/officecomputers.net\/index.php\/wp-json\/wp\/v2\/product_cat?post=4119"},{"taxonomy":"product_tag","embeddable":true,"href":"https:\/\/officecomputers.net\/index.php\/wp-json\/wp\/v2\/product_tag?post=4119"}],"curies":[{"name":"wp","href":"https:\/\/api.w.org\/{rel}","templated":true}]}}