{"id":4103,"date":"2023-09-21T20:00:28","date_gmt":"2023-09-21T20:00:28","guid":{"rendered":"https:\/\/officecomputers.net\/?post_type=product&#038;p=4103"},"modified":"2025-05-30T12:57:40","modified_gmt":"2025-05-30T12:57:40","slug":"toner-hp-26x-cf226x-negro-lj-m402","status":"publish","type":"product","link":"https:\/\/officecomputers.net\/index.php\/product\/toner-hp-26x-cf226x-negro-lj-m402\/","title":{"rendered":"TONER HP 26X CF226X NEGRO LJ M402"},"content":{"rendered":"","protected":false},"excerpt":{"rendered":"<ul>\n<li>Los cartuchos de t\u00f3ner originales HP de alto rendimiento con JetIntelligence son rentables e imprimen m\u00e1s p\u00e1ginas que antes.<\/li>\n<li>Controle su inversi\u00f3n. La tecnolog\u00eda de optimizaci\u00f3n del papel permite imprimir m\u00e1s p\u00e1ginas por cartucho<\/li>\n<li>Imprima documentos de calidad uniforme a las velocidades para las que se dise\u00f1\u00f3 su impresora com\u00fan o multifunci\u00f3n HP<\/li>\n<\/ul>\n","protected":false},"featured_media":4105,"comment_status":"open","ping_status":"closed","template":"","meta":[],"product_brand":[],"product_cat":[191],"product_tag":[],"class_list":{"0":"post-4103","1":"product","2":"type-product","3":"status-publish","4":"has-post-thumbnail","6":"product_cat-consumibles","7":"yith_product_brand-hp","9":"first","10":"instock","11":"taxable","12":"shipping-taxable","13":"product-type-simple"},"acf":[],"jetpack_sharing_enabled":true,"_links":{"self":[{"href":"https:\/\/officecomputers.net\/index.php\/wp-json\/wp\/v2\/product\/4103","targetHints":{"allow":["GET"]}}],"collection":[{"href":"https:\/\/officecomputers.net\/index.php\/wp-json\/wp\/v2\/product"}],"about":[{"href":"https:\/\/officecomputers.net\/index.php\/wp-json\/wp\/v2\/types\/product"}],"replies":[{"embeddable":true,"href":"https:\/\/officecomputers.net\/index.php\/wp-json\/wp\/v2\/comments?post=4103"}],"version-history":[{"count":1,"href":"https:\/\/officecomputers.net\/index.php\/wp-json\/wp\/v2\/product\/4103\/revisions"}],"predecessor-version":[{"id":4104,"href":"https:\/\/officecomputers.net\/index.php\/wp-json\/wp\/v2\/product\/4103\/revisions\/4104"}],"wp:featuredmedia":[{"embeddable":true,"href":"https:\/\/officecomputers.net\/index.php\/wp-json\/wp\/v2\/media\/4105"}],"wp:attachment":[{"href":"https:\/\/officecomputers.net\/index.php\/wp-json\/wp\/v2\/media?parent=4103"}],"wp:term":[{"taxonomy":"product_brand","embeddable":true,"href":"https:\/\/officecomputers.net\/index.php\/wp-json\/wp\/v2\/product_brand?post=4103"},{"taxonomy":"product_cat","embeddable":true,"href":"https:\/\/officecomputers.net\/index.php\/wp-json\/wp\/v2\/product_cat?post=4103"},{"taxonomy":"product_tag","embeddable":true,"href":"https:\/\/officecomputers.net\/index.php\/wp-json\/wp\/v2\/product_tag?post=4103"}],"curies":[{"name":"wp","href":"https:\/\/api.w.org\/{rel}","templated":true}]}}