{"id":4094,"date":"2023-09-21T19:44:55","date_gmt":"2023-09-21T19:44:55","guid":{"rendered":"https:\/\/officecomputers.net\/?post_type=product&#038;p=4094"},"modified":"2025-04-03T19:58:28","modified_gmt":"2025-04-03T19:58:28","slug":"toner-hp-125a-cb540a-negro-lj-cm1312-cp1515-cp1518","status":"publish","type":"product","link":"https:\/\/officecomputers.net\/index.php\/product\/toner-hp-125a-cb540a-negro-lj-cm1312-cp1515-cp1518\/","title":{"rendered":"TONER HP 125A CB540A NEGRO LJ CM1312 CP1515 CP1518"},"content":{"rendered":"","protected":false},"excerpt":{"rendered":"<ul class=\"a-unordered-list a-vertical a-spacing-mini\">\n<li class=\"a-spacing-mini\"><span class=\"a-list-item\">Impresoras compatibles: impresoras CP1215, CP1518ni , CP1515n , CM1312nfi , CM1312.<\/span><\/li>\n<li class=\"a-spacing-mini\"><span class=\"a-list-item\">Alto rendimiento de p\u00e1gina: 2.200 (t\u00f3ner negro) y 1.400 p\u00e1ginas de t\u00f3ner de color.<\/span><\/li>\n<li class=\"a-spacing-mini\"><span class=\"a-list-item\">V&amp;G &#8211; Cartucho de t\u00f3ner compatible con CB540A HP 125A.<\/span><\/li>\n<li><\/li>\n<\/ul>\n","protected":false},"featured_media":4095,"comment_status":"open","ping_status":"closed","template":"","meta":[],"product_brand":[],"product_cat":[191],"product_tag":[],"class_list":{"0":"post-4094","1":"product","2":"type-product","3":"status-publish","4":"has-post-thumbnail","6":"product_cat-consumibles","7":"yith_product_brand-hp","9":"first","10":"instock","11":"taxable","12":"shipping-taxable","13":"product-type-simple"},"acf":[],"jetpack_sharing_enabled":true,"_links":{"self":[{"href":"https:\/\/officecomputers.net\/index.php\/wp-json\/wp\/v2\/product\/4094","targetHints":{"allow":["GET"]}}],"collection":[{"href":"https:\/\/officecomputers.net\/index.php\/wp-json\/wp\/v2\/product"}],"about":[{"href":"https:\/\/officecomputers.net\/index.php\/wp-json\/wp\/v2\/types\/product"}],"replies":[{"embeddable":true,"href":"https:\/\/officecomputers.net\/index.php\/wp-json\/wp\/v2\/comments?post=4094"}],"version-history":[{"count":1,"href":"https:\/\/officecomputers.net\/index.php\/wp-json\/wp\/v2\/product\/4094\/revisions"}],"predecessor-version":[{"id":4097,"href":"https:\/\/officecomputers.net\/index.php\/wp-json\/wp\/v2\/product\/4094\/revisions\/4097"}],"wp:featuredmedia":[{"embeddable":true,"href":"https:\/\/officecomputers.net\/index.php\/wp-json\/wp\/v2\/media\/4095"}],"wp:attachment":[{"href":"https:\/\/officecomputers.net\/index.php\/wp-json\/wp\/v2\/media?parent=4094"}],"wp:term":[{"taxonomy":"product_brand","embeddable":true,"href":"https:\/\/officecomputers.net\/index.php\/wp-json\/wp\/v2\/product_brand?post=4094"},{"taxonomy":"product_cat","embeddable":true,"href":"https:\/\/officecomputers.net\/index.php\/wp-json\/wp\/v2\/product_cat?post=4094"},{"taxonomy":"product_tag","embeddable":true,"href":"https:\/\/officecomputers.net\/index.php\/wp-json\/wp\/v2\/product_tag?post=4094"}],"curies":[{"name":"wp","href":"https:\/\/api.w.org\/{rel}","templated":true}]}}