{"id":4086,"date":"2023-09-21T17:37:09","date_gmt":"2023-09-21T17:37:09","guid":{"rendered":"https:\/\/officecomputers.net\/?post_type=product&#038;p=4086"},"modified":"2025-05-31T03:17:40","modified_gmt":"2025-05-31T03:17:40","slug":"toner-hp-103-ad-negro","status":"publish","type":"product","link":"https:\/\/officecomputers.net\/index.php\/product\/toner-hp-103-ad-negro\/","title":{"rendered":"TONER HP 103 AD NEGRO"},"content":{"rendered":"","protected":false},"excerpt":{"rendered":"<ul>\n<li>Imprima miles de p\u00e1ginas a un costo extremadamente bajo por p\u00e1gina con los kits de recarga de t\u00f3ner de doble paquete dise\u00f1ados espec\u00edficamente para el sistema de impresi\u00f3n HP Neverstop Laser<\/li>\n<li>Impresione a los dem\u00e1s con la calidad de impresi\u00f3n l\u00e1ser HP.<\/li>\n<li>Imprima de manera eficiente. El kit de recarga de t\u00f3ner negro de doble paquete de HP ofrece hasta 5000 p\u00e1ginas<\/li>\n<\/ul>\n","protected":false},"featured_media":4087,"comment_status":"open","ping_status":"closed","template":"","meta":[],"product_brand":[],"product_cat":[191],"product_tag":[],"class_list":{"0":"post-4086","1":"product","2":"type-product","3":"status-publish","4":"has-post-thumbnail","6":"product_cat-consumibles","7":"yith_product_brand-hp","9":"first","10":"instock","11":"taxable","12":"shipping-taxable","13":"product-type-simple"},"acf":[],"jetpack_sharing_enabled":true,"_links":{"self":[{"href":"https:\/\/officecomputers.net\/index.php\/wp-json\/wp\/v2\/product\/4086","targetHints":{"allow":["GET"]}}],"collection":[{"href":"https:\/\/officecomputers.net\/index.php\/wp-json\/wp\/v2\/product"}],"about":[{"href":"https:\/\/officecomputers.net\/index.php\/wp-json\/wp\/v2\/types\/product"}],"replies":[{"embeddable":true,"href":"https:\/\/officecomputers.net\/index.php\/wp-json\/wp\/v2\/comments?post=4086"}],"version-history":[{"count":1,"href":"https:\/\/officecomputers.net\/index.php\/wp-json\/wp\/v2\/product\/4086\/revisions"}],"predecessor-version":[{"id":4089,"href":"https:\/\/officecomputers.net\/index.php\/wp-json\/wp\/v2\/product\/4086\/revisions\/4089"}],"wp:featuredmedia":[{"embeddable":true,"href":"https:\/\/officecomputers.net\/index.php\/wp-json\/wp\/v2\/media\/4087"}],"wp:attachment":[{"href":"https:\/\/officecomputers.net\/index.php\/wp-json\/wp\/v2\/media?parent=4086"}],"wp:term":[{"taxonomy":"product_brand","embeddable":true,"href":"https:\/\/officecomputers.net\/index.php\/wp-json\/wp\/v2\/product_brand?post=4086"},{"taxonomy":"product_cat","embeddable":true,"href":"https:\/\/officecomputers.net\/index.php\/wp-json\/wp\/v2\/product_cat?post=4086"},{"taxonomy":"product_tag","embeddable":true,"href":"https:\/\/officecomputers.net\/index.php\/wp-json\/wp\/v2\/product_tag?post=4086"}],"curies":[{"name":"wp","href":"https:\/\/api.w.org\/{rel}","templated":true}]}}