{"id":4082,"date":"2023-09-21T17:28:16","date_gmt":"2023-09-21T17:28:16","guid":{"rendered":"https:\/\/officecomputers.net\/?post_type=product&#038;p=4082"},"modified":"2025-04-03T19:58:41","modified_gmt":"2025-04-03T19:58:41","slug":"toner-compatible-premium-pp-ce278a-canon-128","status":"publish","type":"product","link":"https:\/\/officecomputers.net\/index.php\/product\/toner-compatible-premium-pp-ce278a-canon-128\/","title":{"rendered":"TONER COMPATIBLE PREMIUM PP-CE278A-CANON 128"},"content":{"rendered":"","protected":false},"excerpt":{"rendered":"<ul>\n<li>Alta y consistente rendimiento de impresi\u00f3n: impresi\u00f3n con excelente procesos de producci\u00f3n, ya sea que est\u00e9 documentos, folletos, o facturas, puedes estar seguro de que mvtoner LaserJet los cartuchos de impresi\u00f3n hasta Carta de 2.100 p\u00e1ginas a 5% de cobertura.<\/li>\n<li>Embalaje seguro: Nuestros cu\u00e1druple sistema de embalaje protege S su Jet cartucho de t\u00f3ner l\u00e1ser de la exposici\u00f3n a est\u00e1tica.<\/li>\n<\/ul>\n","protected":false},"featured_media":4083,"comment_status":"open","ping_status":"closed","template":"","meta":[],"product_brand":[],"product_cat":[191],"product_tag":[],"class_list":{"0":"post-4082","1":"product","2":"type-product","3":"status-publish","4":"has-post-thumbnail","6":"product_cat-consumibles","8":"first","9":"instock","10":"taxable","11":"shipping-taxable","12":"product-type-simple"},"acf":[],"jetpack_sharing_enabled":true,"_links":{"self":[{"href":"https:\/\/officecomputers.net\/index.php\/wp-json\/wp\/v2\/product\/4082","targetHints":{"allow":["GET"]}}],"collection":[{"href":"https:\/\/officecomputers.net\/index.php\/wp-json\/wp\/v2\/product"}],"about":[{"href":"https:\/\/officecomputers.net\/index.php\/wp-json\/wp\/v2\/types\/product"}],"replies":[{"embeddable":true,"href":"https:\/\/officecomputers.net\/index.php\/wp-json\/wp\/v2\/comments?post=4082"}],"version-history":[{"count":1,"href":"https:\/\/officecomputers.net\/index.php\/wp-json\/wp\/v2\/product\/4082\/revisions"}],"predecessor-version":[{"id":4085,"href":"https:\/\/officecomputers.net\/index.php\/wp-json\/wp\/v2\/product\/4082\/revisions\/4085"}],"wp:featuredmedia":[{"embeddable":true,"href":"https:\/\/officecomputers.net\/index.php\/wp-json\/wp\/v2\/media\/4083"}],"wp:attachment":[{"href":"https:\/\/officecomputers.net\/index.php\/wp-json\/wp\/v2\/media?parent=4082"}],"wp:term":[{"taxonomy":"product_brand","embeddable":true,"href":"https:\/\/officecomputers.net\/index.php\/wp-json\/wp\/v2\/product_brand?post=4082"},{"taxonomy":"product_cat","embeddable":true,"href":"https:\/\/officecomputers.net\/index.php\/wp-json\/wp\/v2\/product_cat?post=4082"},{"taxonomy":"product_tag","embeddable":true,"href":"https:\/\/officecomputers.net\/index.php\/wp-json\/wp\/v2\/product_tag?post=4082"}],"curies":[{"name":"wp","href":"https:\/\/api.w.org\/{rel}","templated":true}]}}