{"id":4078,"date":"2023-09-21T17:22:06","date_gmt":"2023-09-21T17:22:06","guid":{"rendered":"https:\/\/officecomputers.net\/?post_type=product&#038;p=4078"},"modified":"2025-04-03T19:58:48","modified_gmt":"2025-04-03T19:58:48","slug":"toner-compatible-hp-ce310a-cf350a","status":"publish","type":"product","link":"https:\/\/officecomputers.net\/index.php\/product\/toner-compatible-hp-ce310a-cf350a\/","title":{"rendered":"TONER COMPATIBLE HP CE310A CF350A"},"content":{"rendered":"","protected":false},"excerpt":{"rendered":"<ul>\n<li>Negro Toner Compatible Con Hp CE310A,CF350A<\/li>\n<li>El t\u00f3ner de alta calidad ofrece colores vibrantes, impresiones n\u00edtidas y uniformes para todas sus fotograf\u00edas y documentos importantes.<\/li>\n<li class=\"a-spacing-mini\"><span class=\"a-list-item\">Alto rendimiento de p\u00e1gina, le permite imprimir m\u00e1s por menos.<\/span><\/li>\n<\/ul>\n","protected":false},"featured_media":4079,"comment_status":"open","ping_status":"closed","template":"","meta":[],"product_brand":[],"product_cat":[191],"product_tag":[],"class_list":{"0":"post-4078","1":"product","2":"type-product","3":"status-publish","4":"has-post-thumbnail","6":"product_cat-consumibles","7":"yith_product_brand-hp","9":"first","10":"instock","11":"taxable","12":"shipping-taxable","13":"product-type-simple"},"acf":[],"jetpack_sharing_enabled":true,"_links":{"self":[{"href":"https:\/\/officecomputers.net\/index.php\/wp-json\/wp\/v2\/product\/4078","targetHints":{"allow":["GET"]}}],"collection":[{"href":"https:\/\/officecomputers.net\/index.php\/wp-json\/wp\/v2\/product"}],"about":[{"href":"https:\/\/officecomputers.net\/index.php\/wp-json\/wp\/v2\/types\/product"}],"replies":[{"embeddable":true,"href":"https:\/\/officecomputers.net\/index.php\/wp-json\/wp\/v2\/comments?post=4078"}],"version-history":[{"count":1,"href":"https:\/\/officecomputers.net\/index.php\/wp-json\/wp\/v2\/product\/4078\/revisions"}],"predecessor-version":[{"id":4081,"href":"https:\/\/officecomputers.net\/index.php\/wp-json\/wp\/v2\/product\/4078\/revisions\/4081"}],"wp:featuredmedia":[{"embeddable":true,"href":"https:\/\/officecomputers.net\/index.php\/wp-json\/wp\/v2\/media\/4079"}],"wp:attachment":[{"href":"https:\/\/officecomputers.net\/index.php\/wp-json\/wp\/v2\/media?parent=4078"}],"wp:term":[{"taxonomy":"product_brand","embeddable":true,"href":"https:\/\/officecomputers.net\/index.php\/wp-json\/wp\/v2\/product_brand?post=4078"},{"taxonomy":"product_cat","embeddable":true,"href":"https:\/\/officecomputers.net\/index.php\/wp-json\/wp\/v2\/product_cat?post=4078"},{"taxonomy":"product_tag","embeddable":true,"href":"https:\/\/officecomputers.net\/index.php\/wp-json\/wp\/v2\/product_tag?post=4078"}],"curies":[{"name":"wp","href":"https:\/\/api.w.org\/{rel}","templated":true}]}}