{"id":4072,"date":"2023-09-21T17:12:19","date_gmt":"2023-09-21T17:12:19","guid":{"rendered":"https:\/\/officecomputers.net\/?post_type=product&#038;p=4072"},"modified":"2025-04-03T19:58:54","modified_gmt":"2025-04-03T19:58:54","slug":"toner-compatible-cf280x","status":"publish","type":"product","link":"https:\/\/officecomputers.net\/index.php\/product\/toner-compatible-cf280x\/","title":{"rendered":"TONER COMPATIBLE CF280X"},"content":{"rendered":"","protected":false},"excerpt":{"rendered":"<ul class=\"a-unordered-list a-vertical a-spacing-mini\">\n<li class=\"a-spacing-mini\"><span class=\"a-list-item\">Chip IC inteligente: chip inteligente y t\u00f3ner refinado para garantizar una experiencia de uso suave<\/span><\/li>\n<li class=\"a-spacing-mini\"><span class=\"a-list-item\">Producci\u00f3n de p\u00e1ginas: hasta 2.700 p\u00e1ginas por cartucho de t\u00f3ner negro 80A CE280A con una cobertura del 5%<\/span><\/li>\n<li class=\"a-spacing-mini\"><span class=\"a-list-item\">Contenido del Paquete: Paquete de 2 (2 Negros) Compatible para HP 80A CF280A 80X CF280X 05A CE505A cartucho de t\u00f3ner<\/span><\/li>\n<\/ul>\n","protected":false},"featured_media":4073,"comment_status":"open","ping_status":"closed","template":"","meta":[],"product_brand":[],"product_cat":[191],"product_tag":[],"class_list":{"0":"post-4072","1":"product","2":"type-product","3":"status-publish","4":"has-post-thumbnail","6":"product_cat-consumibles","8":"first","9":"instock","10":"taxable","11":"shipping-taxable","12":"product-type-simple"},"acf":[],"jetpack_sharing_enabled":true,"_links":{"self":[{"href":"https:\/\/officecomputers.net\/index.php\/wp-json\/wp\/v2\/product\/4072","targetHints":{"allow":["GET"]}}],"collection":[{"href":"https:\/\/officecomputers.net\/index.php\/wp-json\/wp\/v2\/product"}],"about":[{"href":"https:\/\/officecomputers.net\/index.php\/wp-json\/wp\/v2\/types\/product"}],"replies":[{"embeddable":true,"href":"https:\/\/officecomputers.net\/index.php\/wp-json\/wp\/v2\/comments?post=4072"}],"version-history":[{"count":2,"href":"https:\/\/officecomputers.net\/index.php\/wp-json\/wp\/v2\/product\/4072\/revisions"}],"predecessor-version":[{"id":4076,"href":"https:\/\/officecomputers.net\/index.php\/wp-json\/wp\/v2\/product\/4072\/revisions\/4076"}],"wp:featuredmedia":[{"embeddable":true,"href":"https:\/\/officecomputers.net\/index.php\/wp-json\/wp\/v2\/media\/4073"}],"wp:attachment":[{"href":"https:\/\/officecomputers.net\/index.php\/wp-json\/wp\/v2\/media?parent=4072"}],"wp:term":[{"taxonomy":"product_brand","embeddable":true,"href":"https:\/\/officecomputers.net\/index.php\/wp-json\/wp\/v2\/product_brand?post=4072"},{"taxonomy":"product_cat","embeddable":true,"href":"https:\/\/officecomputers.net\/index.php\/wp-json\/wp\/v2\/product_cat?post=4072"},{"taxonomy":"product_tag","embeddable":true,"href":"https:\/\/officecomputers.net\/index.php\/wp-json\/wp\/v2\/product_tag?post=4072"}],"curies":[{"name":"wp","href":"https:\/\/api.w.org\/{rel}","templated":true}]}}