{"id":4067,"date":"2023-09-21T17:07:07","date_gmt":"2023-09-21T17:07:07","guid":{"rendered":"https:\/\/officecomputers.net\/?post_type=product&#038;p=4067"},"modified":"2025-04-03T19:59:00","modified_gmt":"2025-04-03T19:59:00","slug":"toner-compatible-c125-cb435a-cb436a-ce285a-universal","status":"publish","type":"product","link":"https:\/\/officecomputers.net\/index.php\/product\/toner-compatible-c125-cb435a-cb436a-ce285a-universal\/","title":{"rendered":"TONER COMPATIBLE C125\/CB435A\/CB436A\/CE285A UNIVERSAL"},"content":{"rendered":"","protected":false},"excerpt":{"rendered":"<ul>\n<li>Imprime m\u00e1s: hasta 1500 p\u00e1ginas por cartucho de t\u00f3ner.<\/li>\n<li>\u00a0Este producto cumple o supera los est\u00e1ndares de calidad y rendimiento OEM a una fracci\u00f3n del costo. Ahorra m\u00e1s con los paquetes m\u00faltiples.<\/li>\n<li class=\"a-spacing-mini\"><span class=\"a-list-item\">Funciona con: HP LaserJet Pro P1102w, P1102, HP M1132 M1212nf M1214 M1217nfw M1130 M1134 M1136 M1137 M1138 M1139 M1214 M114 M114 M1137 718.5 ft 1210, HP P1005 P1006 P1002 P1003 P1004 P1009, Canon imageCLASS LBP6030w LBP6000, MF3010, LBP3010, LBP3018, LBP3050, LBP3100, LBP310 Impresora 8, LBP3150, LBP6020<\/span><\/li>\n<\/ul>\n","protected":false},"featured_media":4068,"comment_status":"open","ping_status":"closed","template":"","meta":[],"product_brand":[],"product_cat":[191],"product_tag":[],"class_list":{"0":"post-4067","1":"product","2":"type-product","3":"status-publish","4":"has-post-thumbnail","6":"product_cat-consumibles","8":"first","9":"instock","10":"taxable","11":"shipping-taxable","12":"product-type-simple"},"acf":[],"jetpack_sharing_enabled":true,"_links":{"self":[{"href":"https:\/\/officecomputers.net\/index.php\/wp-json\/wp\/v2\/product\/4067","targetHints":{"allow":["GET"]}}],"collection":[{"href":"https:\/\/officecomputers.net\/index.php\/wp-json\/wp\/v2\/product"}],"about":[{"href":"https:\/\/officecomputers.net\/index.php\/wp-json\/wp\/v2\/types\/product"}],"replies":[{"embeddable":true,"href":"https:\/\/officecomputers.net\/index.php\/wp-json\/wp\/v2\/comments?post=4067"}],"version-history":[{"count":2,"href":"https:\/\/officecomputers.net\/index.php\/wp-json\/wp\/v2\/product\/4067\/revisions"}],"predecessor-version":[{"id":4077,"href":"https:\/\/officecomputers.net\/index.php\/wp-json\/wp\/v2\/product\/4067\/revisions\/4077"}],"wp:featuredmedia":[{"embeddable":true,"href":"https:\/\/officecomputers.net\/index.php\/wp-json\/wp\/v2\/media\/4068"}],"wp:attachment":[{"href":"https:\/\/officecomputers.net\/index.php\/wp-json\/wp\/v2\/media?parent=4067"}],"wp:term":[{"taxonomy":"product_brand","embeddable":true,"href":"https:\/\/officecomputers.net\/index.php\/wp-json\/wp\/v2\/product_brand?post=4067"},{"taxonomy":"product_cat","embeddable":true,"href":"https:\/\/officecomputers.net\/index.php\/wp-json\/wp\/v2\/product_cat?post=4067"},{"taxonomy":"product_tag","embeddable":true,"href":"https:\/\/officecomputers.net\/index.php\/wp-json\/wp\/v2\/product_tag?post=4067"}],"curies":[{"name":"wp","href":"https:\/\/api.w.org\/{rel}","templated":true}]}}