{"id":4016,"date":"2023-09-08T16:12:23","date_gmt":"2023-09-08T16:12:23","guid":{"rendered":"https:\/\/officecomputers.net\/?post_type=product&#038;p=4016"},"modified":"2025-02-25T16:11:20","modified_gmt":"2025-02-25T16:11:20","slug":"multifuncional-epson-wf-6590dw","status":"publish","type":"product","link":"https:\/\/officecomputers.net\/index.php\/product\/multifuncional-epson-wf-6590dw\/","title":{"rendered":"MULTIFUNCIONAL EPSON WF-6590DW"},"content":{"rendered":"","protected":false},"excerpt":{"rendered":"<p>Multifuncional Epson WF-6590DW<\/p>\n<p>Inal\u00e1mbrica<\/p>\n<p>Velocidad de Impresi\u00f3n ISO. Imprime con rapidez 24 ppm ISO en negro, 24 ppm ISO<sup>\u2020<\/sup>en color.<\/p>\n<p>Impresi\u00f3n r\u00e1pida sin tiempo de calentamiento y f\u00e1cil administraci\u00f3n a trav\u00e9s del software <b>Epson<\/b>.<\/p>\n","protected":false},"featured_media":4018,"comment_status":"open","ping_status":"closed","template":"","meta":[],"product_brand":[],"product_cat":[186],"product_tag":[],"class_list":{"0":"post-4016","1":"product","2":"type-product","3":"status-publish","4":"has-post-thumbnail","6":"product_cat-impresoras","7":"yith_product_brand-epson","9":"first","10":"instock","11":"taxable","12":"shipping-taxable","13":"product-type-simple"},"acf":[],"jetpack_sharing_enabled":true,"_links":{"self":[{"href":"https:\/\/officecomputers.net\/index.php\/wp-json\/wp\/v2\/product\/4016","targetHints":{"allow":["GET"]}}],"collection":[{"href":"https:\/\/officecomputers.net\/index.php\/wp-json\/wp\/v2\/product"}],"about":[{"href":"https:\/\/officecomputers.net\/index.php\/wp-json\/wp\/v2\/types\/product"}],"replies":[{"embeddable":true,"href":"https:\/\/officecomputers.net\/index.php\/wp-json\/wp\/v2\/comments?post=4016"}],"version-history":[{"count":1,"href":"https:\/\/officecomputers.net\/index.php\/wp-json\/wp\/v2\/product\/4016\/revisions"}],"predecessor-version":[{"id":4019,"href":"https:\/\/officecomputers.net\/index.php\/wp-json\/wp\/v2\/product\/4016\/revisions\/4019"}],"wp:featuredmedia":[{"embeddable":true,"href":"https:\/\/officecomputers.net\/index.php\/wp-json\/wp\/v2\/media\/4018"}],"wp:attachment":[{"href":"https:\/\/officecomputers.net\/index.php\/wp-json\/wp\/v2\/media?parent=4016"}],"wp:term":[{"taxonomy":"product_brand","embeddable":true,"href":"https:\/\/officecomputers.net\/index.php\/wp-json\/wp\/v2\/product_brand?post=4016"},{"taxonomy":"product_cat","embeddable":true,"href":"https:\/\/officecomputers.net\/index.php\/wp-json\/wp\/v2\/product_cat?post=4016"},{"taxonomy":"product_tag","embeddable":true,"href":"https:\/\/officecomputers.net\/index.php\/wp-json\/wp\/v2\/product_tag?post=4016"}],"curies":[{"name":"wp","href":"https:\/\/api.w.org\/{rel}","templated":true}]}}