{"id":3666,"date":"2022-11-18T20:54:11","date_gmt":"2022-11-18T20:54:11","guid":{"rendered":"https:\/\/officecomputers.net\/?post_type=product&#038;p=3666"},"modified":"2025-06-01T12:16:09","modified_gmt":"2025-06-01T12:16:09","slug":"mouse-inalambrico-logitech-m170-optico-2-4ghz-1000dpi-negr","status":"publish","type":"product","link":"https:\/\/officecomputers.net\/index.php\/product\/mouse-inalambrico-logitech-m170-optico-2-4ghz-1000dpi-negr\/","title":{"rendered":"MOUSE INALAMBRICO LOGITECH M170 OPTICO 2.4GHZ 1000DPI NEGRO"},"content":{"rendered":"","protected":false},"excerpt":{"rendered":"<p>Trabaja de forma inal\u00e1mbrica y mu\u00e9vete libremente (hasta a 10 m de distancia), sin pr\u00e1cticamente ning\u00fan tipo de demora ni interrupci\u00f3n.<\/p>\n","protected":false},"featured_media":3667,"comment_status":"open","ping_status":"closed","template":"","meta":[],"product_brand":[],"product_cat":[81],"product_tag":[],"class_list":{"0":"post-3666","1":"product","2":"type-product","3":"status-publish","4":"has-post-thumbnail","6":"product_cat-perifericos","8":"first","9":"instock","10":"taxable","11":"shipping-taxable","12":"product-type-simple"},"acf":[],"jetpack_sharing_enabled":true,"_links":{"self":[{"href":"https:\/\/officecomputers.net\/index.php\/wp-json\/wp\/v2\/product\/3666","targetHints":{"allow":["GET"]}}],"collection":[{"href":"https:\/\/officecomputers.net\/index.php\/wp-json\/wp\/v2\/product"}],"about":[{"href":"https:\/\/officecomputers.net\/index.php\/wp-json\/wp\/v2\/types\/product"}],"replies":[{"embeddable":true,"href":"https:\/\/officecomputers.net\/index.php\/wp-json\/wp\/v2\/comments?post=3666"}],"version-history":[{"count":2,"href":"https:\/\/officecomputers.net\/index.php\/wp-json\/wp\/v2\/product\/3666\/revisions"}],"predecessor-version":[{"id":3875,"href":"https:\/\/officecomputers.net\/index.php\/wp-json\/wp\/v2\/product\/3666\/revisions\/3875"}],"wp:featuredmedia":[{"embeddable":true,"href":"https:\/\/officecomputers.net\/index.php\/wp-json\/wp\/v2\/media\/3667"}],"wp:attachment":[{"href":"https:\/\/officecomputers.net\/index.php\/wp-json\/wp\/v2\/media?parent=3666"}],"wp:term":[{"taxonomy":"product_brand","embeddable":true,"href":"https:\/\/officecomputers.net\/index.php\/wp-json\/wp\/v2\/product_brand?post=3666"},{"taxonomy":"product_cat","embeddable":true,"href":"https:\/\/officecomputers.net\/index.php\/wp-json\/wp\/v2\/product_cat?post=3666"},{"taxonomy":"product_tag","embeddable":true,"href":"https:\/\/officecomputers.net\/index.php\/wp-json\/wp\/v2\/product_tag?post=3666"}],"curies":[{"name":"wp","href":"https:\/\/api.w.org\/{rel}","templated":true}]}}