{"id":3568,"date":"2022-07-20T14:17:06","date_gmt":"2022-07-20T14:17:06","guid":{"rendered":"https:\/\/officecomputers.net\/?post_type=product&#038;p=3568"},"modified":"2025-02-25T19:55:58","modified_gmt":"2025-02-25T19:55:58","slug":"mouse-argom-tech-ms31","status":"publish","type":"product","link":"https:\/\/officecomputers.net\/index.php\/product\/mouse-argom-tech-ms31\/","title":{"rendered":"Mouse Argom Tech MS31"},"content":{"rendered":"<p><span class=\"\">Rat\u00f3n \u00f3ptico inal\u00e1mbrico de 2,4 GHz con 4 botones y elegante dise\u00f1o.\u00a0<\/span><span class=\"\">Incluye bot\u00f3n izquierdo, bot\u00f3n derecho, rueda de desplazamiento con un clic central y bot\u00f3n DPI dedicado.\u00a0<\/span><span>El mouse perfecto para uso en el hogar o la oficina y conveniente tanto para usuarios diestros como zurdos.<\/span><\/p>\n","protected":false},"excerpt":{"rendered":"<p><span><span class=\"\">Receptor Nano USB<\/span><\/span><br \/>\n<span><span class=\"\">Distancia de trabajo de hasta 10 metros<\/span><\/span><br \/>\n<span><span class=\"\">Resoluciones de 800\/1200\/1600 DPI<\/span><\/span><br \/>\n<span><span class=\"\">Dimensiones: 109 x 71 x 25 mm<\/span><\/span><br \/>\n<span><span class=\"\">1 pila AA (no incluida)<\/span><\/span><br \/>\n<span><span class=\"\">Compatible con la mayor\u00eda de los sistemas operativos<\/span><\/span><\/p>\n","protected":false},"featured_media":3569,"comment_status":"open","ping_status":"closed","template":"","meta":[],"product_brand":[],"product_cat":[81],"product_tag":[],"class_list":{"0":"post-3568","1":"product","2":"type-product","3":"status-publish","4":"has-post-thumbnail","6":"product_cat-perifericos","8":"first","9":"instock","10":"taxable","11":"shipping-taxable","12":"product-type-simple"},"acf":[],"jetpack_sharing_enabled":true,"_links":{"self":[{"href":"https:\/\/officecomputers.net\/index.php\/wp-json\/wp\/v2\/product\/3568","targetHints":{"allow":["GET"]}}],"collection":[{"href":"https:\/\/officecomputers.net\/index.php\/wp-json\/wp\/v2\/product"}],"about":[{"href":"https:\/\/officecomputers.net\/index.php\/wp-json\/wp\/v2\/types\/product"}],"replies":[{"embeddable":true,"href":"https:\/\/officecomputers.net\/index.php\/wp-json\/wp\/v2\/comments?post=3568"}],"version-history":[{"count":1,"href":"https:\/\/officecomputers.net\/index.php\/wp-json\/wp\/v2\/product\/3568\/revisions"}],"predecessor-version":[{"id":3572,"href":"https:\/\/officecomputers.net\/index.php\/wp-json\/wp\/v2\/product\/3568\/revisions\/3572"}],"wp:featuredmedia":[{"embeddable":true,"href":"https:\/\/officecomputers.net\/index.php\/wp-json\/wp\/v2\/media\/3569"}],"wp:attachment":[{"href":"https:\/\/officecomputers.net\/index.php\/wp-json\/wp\/v2\/media?parent=3568"}],"wp:term":[{"taxonomy":"product_brand","embeddable":true,"href":"https:\/\/officecomputers.net\/index.php\/wp-json\/wp\/v2\/product_brand?post=3568"},{"taxonomy":"product_cat","embeddable":true,"href":"https:\/\/officecomputers.net\/index.php\/wp-json\/wp\/v2\/product_cat?post=3568"},{"taxonomy":"product_tag","embeddable":true,"href":"https:\/\/officecomputers.net\/index.php\/wp-json\/wp\/v2\/product_tag?post=3568"}],"curies":[{"name":"wp","href":"https:\/\/api.w.org\/{rel}","templated":true}]}}