{"id":3499,"date":"2022-07-16T18:30:51","date_gmt":"2022-07-16T18:30:51","guid":{"rendered":"https:\/\/officecomputers.net\/?post_type=product&#038;p=3499"},"modified":"2025-02-25T16:12:19","modified_gmt":"2025-02-25T16:12:19","slug":"printer-server-usb-gpsu21","status":"publish","type":"product","link":"https:\/\/officecomputers.net\/index.php\/product\/printer-server-usb-gpsu21\/","title":{"rendered":"Printer Server USB GPSU21"},"content":{"rendered":"","protected":false},"excerpt":{"rendered":"<div id=\"featurebullets_feature_div\" class=\"celwidget\" data-feature-name=\"featurebullets\" data-csa-c-id=\"g9ecy9-sftlbx-be1kpi-dp9gjn\" data-cel-widget=\"featurebullets_feature_div\">\n<div id=\"feature-bullets\" class=\"a-section a-spacing-medium a-spacing-top-small\">\n<ul class=\"a-unordered-list a-vertical a-spacing-mini\">\n<li><span class=\"a-list-item\">Conecta f\u00e1cilmente la impresora USB 2.0, 1.1 a una red, permite que varios ordenadores compartan 1 impresora USB en la red con el cable Cat 5 incluido<\/span><\/li>\n<li><span class=\"a-list-item\">Imprime desde cualquier ordenador en la red o desde Internet; cable USB y cable Ethernet utilizado para la conexi\u00f3n<\/span><\/li>\n<li><span class=\"a-list-item\">Puerto Ethernet de detecci\u00f3n autom\u00e1tica 10Base-T, 100Base-T. Consulta la gu\u00eda de usuario antes de su uso<\/span><\/li>\n<li><span class=\"a-list-item\">Soporta cliente DHCP y m\u00faltiples protocolos de red; soporta software Telnet y gesti\u00f3n web<\/span><\/li>\n<li><span class=\"a-list-item\">Respaldado por el soporte t\u00e9cnico de 3 a\u00f1os de Iog<\/span><\/li>\n<\/ul>\n<\/div>\n<\/div>\n<div id=\"provenanceCertifications_feature_div\" class=\"celwidget\" data-feature-name=\"provenanceCertifications\" data-csa-c-id=\"ksk8d6-zcbiff-qko0mk-rc4txh\" data-cel-widget=\"provenanceCertifications_feature_div\"><\/div>\n<div id=\"serviceCapabilities_feature_div\" class=\"celwidget\" data-feature-name=\"serviceCapabilities\" data-csa-c-id=\"vi70yh-sokbvc-bcg8lf-8kx465\" data-cel-widget=\"serviceCapabilities_feature_div\"><\/div>\n","protected":false},"featured_media":3500,"comment_status":"open","ping_status":"closed","template":"","meta":[],"product_brand":[],"product_cat":[186],"product_tag":[],"class_list":{"0":"post-3499","1":"product","2":"type-product","3":"status-publish","4":"has-post-thumbnail","6":"product_cat-impresoras","8":"first","9":"instock","10":"taxable","11":"shipping-taxable","12":"product-type-simple"},"acf":[],"jetpack_sharing_enabled":true,"_links":{"self":[{"href":"https:\/\/officecomputers.net\/index.php\/wp-json\/wp\/v2\/product\/3499","targetHints":{"allow":["GET"]}}],"collection":[{"href":"https:\/\/officecomputers.net\/index.php\/wp-json\/wp\/v2\/product"}],"about":[{"href":"https:\/\/officecomputers.net\/index.php\/wp-json\/wp\/v2\/types\/product"}],"replies":[{"embeddable":true,"href":"https:\/\/officecomputers.net\/index.php\/wp-json\/wp\/v2\/comments?post=3499"}],"version-history":[{"count":2,"href":"https:\/\/officecomputers.net\/index.php\/wp-json\/wp\/v2\/product\/3499\/revisions"}],"predecessor-version":[{"id":3505,"href":"https:\/\/officecomputers.net\/index.php\/wp-json\/wp\/v2\/product\/3499\/revisions\/3505"}],"wp:featuredmedia":[{"embeddable":true,"href":"https:\/\/officecomputers.net\/index.php\/wp-json\/wp\/v2\/media\/3500"}],"wp:attachment":[{"href":"https:\/\/officecomputers.net\/index.php\/wp-json\/wp\/v2\/media?parent=3499"}],"wp:term":[{"taxonomy":"product_brand","embeddable":true,"href":"https:\/\/officecomputers.net\/index.php\/wp-json\/wp\/v2\/product_brand?post=3499"},{"taxonomy":"product_cat","embeddable":true,"href":"https:\/\/officecomputers.net\/index.php\/wp-json\/wp\/v2\/product_cat?post=3499"},{"taxonomy":"product_tag","embeddable":true,"href":"https:\/\/officecomputers.net\/index.php\/wp-json\/wp\/v2\/product_tag?post=3499"}],"curies":[{"name":"wp","href":"https:\/\/api.w.org\/{rel}","templated":true}]}}