{"id":3473,"date":"2022-06-16T20:02:00","date_gmt":"2022-06-16T20:02:00","guid":{"rendered":"https:\/\/officecomputers.net\/?post_type=product&#038;p=3473"},"modified":"2025-02-25T19:56:12","modified_gmt":"2025-02-25T19:56:12","slug":"teclado-mouse-inalambrico-recargable-c-base-celular-negro-k680","status":"publish","type":"product","link":"https:\/\/officecomputers.net\/index.php\/product\/teclado-mouse-inalambrico-recargable-c-base-celular-negro-k680\/","title":{"rendered":"TECLADO + MOUSE INALAMBRICO RECARGABLE C\/BASE CELULAR NEGRO K680"},"content":{"rendered":"","protected":false},"excerpt":{"rendered":"<ul class=\"a-unordered-list a-vertical a-spacing-mini\">\n<li><span class=\"a-list-item\">Nombre del teclado: K680 Gaming Keyboard <\/span><\/li>\n<li><span class=\"a-list-item\">Tipo de teclado: dos colores moldeado por inyecci\u00f3n.<\/span><\/li>\n<li><span class=\"a-list-item\">Interfaz del teclado: 2.4 GHz conexi\u00f3n inal\u00e1mbrica<\/span><\/li>\n<li><span class=\"a-list-item\">M\u00e9todo de trabajo: fotoel\u00e9ctrico. Resoluci\u00f3n \u00f3ptica: 2400 dpi<\/span><\/li>\n<li><span class=\"a-list-item\">\u00a0Caracter\u00edsticas: soporte resistente al agua<\/span><\/li>\n<li><span class=\"a-list-item\">Efectos de iluminaci\u00f3n de teclado y rat\u00f3n; Plug and Play, conveniente y r\u00e1pido<\/span><\/li>\n<\/ul>\n","protected":false},"featured_media":3474,"comment_status":"open","ping_status":"closed","template":"","meta":[],"product_brand":[],"product_cat":[81],"product_tag":[],"class_list":{"0":"post-3473","1":"product","2":"type-product","3":"status-publish","4":"has-post-thumbnail","6":"product_cat-perifericos","8":"first","9":"instock","10":"taxable","11":"shipping-taxable","12":"product-type-simple"},"acf":[],"jetpack_sharing_enabled":true,"_links":{"self":[{"href":"https:\/\/officecomputers.net\/index.php\/wp-json\/wp\/v2\/product\/3473","targetHints":{"allow":["GET"]}}],"collection":[{"href":"https:\/\/officecomputers.net\/index.php\/wp-json\/wp\/v2\/product"}],"about":[{"href":"https:\/\/officecomputers.net\/index.php\/wp-json\/wp\/v2\/types\/product"}],"replies":[{"embeddable":true,"href":"https:\/\/officecomputers.net\/index.php\/wp-json\/wp\/v2\/comments?post=3473"}],"version-history":[{"count":1,"href":"https:\/\/officecomputers.net\/index.php\/wp-json\/wp\/v2\/product\/3473\/revisions"}],"predecessor-version":[{"id":3475,"href":"https:\/\/officecomputers.net\/index.php\/wp-json\/wp\/v2\/product\/3473\/revisions\/3475"}],"wp:featuredmedia":[{"embeddable":true,"href":"https:\/\/officecomputers.net\/index.php\/wp-json\/wp\/v2\/media\/3474"}],"wp:attachment":[{"href":"https:\/\/officecomputers.net\/index.php\/wp-json\/wp\/v2\/media?parent=3473"}],"wp:term":[{"taxonomy":"product_brand","embeddable":true,"href":"https:\/\/officecomputers.net\/index.php\/wp-json\/wp\/v2\/product_brand?post=3473"},{"taxonomy":"product_cat","embeddable":true,"href":"https:\/\/officecomputers.net\/index.php\/wp-json\/wp\/v2\/product_cat?post=3473"},{"taxonomy":"product_tag","embeddable":true,"href":"https:\/\/officecomputers.net\/index.php\/wp-json\/wp\/v2\/product_tag?post=3473"}],"curies":[{"name":"wp","href":"https:\/\/api.w.org\/{rel}","templated":true}]}}