{"id":3453,"date":"2022-06-04T18:05:05","date_gmt":"2022-06-04T18:05:05","guid":{"rendered":"https:\/\/officecomputers.net\/?post_type=product&#038;p=3453"},"modified":"2025-05-30T23:21:28","modified_gmt":"2025-05-30T23:21:28","slug":"mouse-inalambrico-klipxtreme-flexor-c-reposa-muneca-kmw-750","status":"publish","type":"product","link":"https:\/\/officecomputers.net\/index.php\/product\/mouse-inalambrico-klipxtreme-flexor-c-reposa-muneca-kmw-750\/","title":{"rendered":"MOUSE INALAMBRICO KLIPXTREME FLEXOR C\/REPOSA MU\u00d1ECA KMW-750"},"content":{"rendered":"<p>Si necesitas valerte del mejor mouse para llevar a cabo tu trabajo diario y que ofrezca al mismo tiempo el m\u00e1ximo control digital, el\u00a0<strong>KMW-750<\/strong>\u00a0de Klip Xtreme es definitivamente el mouse m\u00e1s confiable que puedes encontrar. Este mouse ofrece un agarre m\u00e1s c\u00f3modo para trabajar eficientemente durante largas horas frente al computador. Presenta una amplia pesta\u00f1a desmontable con suave superficie de goma que ofrece m\u00e1xima comodidad y favorece la postura natural de la mano y la mu\u00f1eca. Su dise\u00f1o ergon\u00f3mico promueve mayor operatividad, ya que los seis botones est\u00e1n convenientemente ubicados justo en los puntos donde descansan los dedos, evitando cualquier tensi\u00f3n innecesaria. Equipado con un sensor de alta definici\u00f3n y velocidades regulables, el mouse se desliza con toda suavidad, pr\u00e1cticamente sobre cualquier superficie.<\/p>\n","protected":false},"excerpt":{"rendered":"<ul>\n<li>Mouse \u00f3ptico inal\u00e1mbrico de seis botones, con pesta\u00f1a desmontable y suave superficie de goma para \u00f3ptima comodidad<\/li>\n<li>C\u00f3modo dise\u00f1o de agarre que promueve una posici\u00f3n m\u00e1s natural de la mano y el antebrazo<\/li>\n<li>Pr\u00e1ctico tama\u00f1o regular para una mejor postura<\/li>\n<li>Configuraci\u00f3n autom\u00e1tica plug and play<\/li>\n<li>Elaborado con materiales de calidad, el mouse presenta una superficie mate con acabado engomado, para un agarre m\u00e1s suave y un mejor control<\/li>\n<li>Compartimiento integrado para guardar el receptor USB evita que se da\u00f1e o pierda<\/li>\n<li>Velocidades seleccionables de 800\/1200\/1600dpi<\/li>\n<\/ul>\n","protected":false},"featured_media":3455,"comment_status":"open","ping_status":"closed","template":"","meta":[],"product_brand":[],"product_cat":[81],"product_tag":[],"class_list":{"0":"post-3453","1":"product","2":"type-product","3":"status-publish","4":"has-post-thumbnail","6":"product_cat-perifericos","8":"first","9":"instock","10":"taxable","11":"shipping-taxable","12":"product-type-simple"},"acf":[],"jetpack_sharing_enabled":true,"_links":{"self":[{"href":"https:\/\/officecomputers.net\/index.php\/wp-json\/wp\/v2\/product\/3453","targetHints":{"allow":["GET"]}}],"collection":[{"href":"https:\/\/officecomputers.net\/index.php\/wp-json\/wp\/v2\/product"}],"about":[{"href":"https:\/\/officecomputers.net\/index.php\/wp-json\/wp\/v2\/types\/product"}],"replies":[{"embeddable":true,"href":"https:\/\/officecomputers.net\/index.php\/wp-json\/wp\/v2\/comments?post=3453"}],"version-history":[{"count":2,"href":"https:\/\/officecomputers.net\/index.php\/wp-json\/wp\/v2\/product\/3453\/revisions"}],"predecessor-version":[{"id":3462,"href":"https:\/\/officecomputers.net\/index.php\/wp-json\/wp\/v2\/product\/3453\/revisions\/3462"}],"wp:featuredmedia":[{"embeddable":true,"href":"https:\/\/officecomputers.net\/index.php\/wp-json\/wp\/v2\/media\/3455"}],"wp:attachment":[{"href":"https:\/\/officecomputers.net\/index.php\/wp-json\/wp\/v2\/media?parent=3453"}],"wp:term":[{"taxonomy":"product_brand","embeddable":true,"href":"https:\/\/officecomputers.net\/index.php\/wp-json\/wp\/v2\/product_brand?post=3453"},{"taxonomy":"product_cat","embeddable":true,"href":"https:\/\/officecomputers.net\/index.php\/wp-json\/wp\/v2\/product_cat?post=3453"},{"taxonomy":"product_tag","embeddable":true,"href":"https:\/\/officecomputers.net\/index.php\/wp-json\/wp\/v2\/product_tag?post=3453"}],"curies":[{"name":"wp","href":"https:\/\/api.w.org\/{rel}","templated":true}]}}