{"id":3312,"date":"2022-05-25T21:15:42","date_gmt":"2022-05-25T21:15:42","guid":{"rendered":"https:\/\/officecomputers.net\/?post_type=product&#038;p=3312"},"modified":"2025-02-25T16:04:31","modified_gmt":"2025-02-25T16:04:31","slug":"switch-tp-link-24-puertos-rack-tlsg1024d","status":"publish","type":"product","link":"https:\/\/officecomputers.net\/index.php\/product\/switch-tp-link-24-puertos-rack-tlsg1024d\/","title":{"rendered":"SWITCH TP-LINK 24 PUERTOS RACK TLSG1024D"},"content":{"rendered":"<p>El Switch TL-SG1024D Gigabit Ethernet le ofrece una soluci\u00f3n de alto rendimiento, bajo costo, f\u00e1cil de usar, sin fisuras y est\u00e1ndar para mejorar su red antigua a una red a 1000Mbps. Todos los puertos soportan auto MDI \/ MDIX por lo que no hay necesidad de preocuparse por el tipo de cable, s\u00f3lo tiene que enchufar y listo. Por otra parte, con la innovadora tecnolog\u00eda de eficiencia energ\u00e9tica, el TL-SG1024D puede ahorrar hasta un 25% del consumo de energ\u00eda; y como el 80% del material de embalaje puede ser reciclado es una soluci\u00f3n ecol\u00f3gica para su red de negocios.<\/p>\n","protected":false},"excerpt":{"rendered":"<ul>\n<li>24 puertos de 10\/100\/1000 Mbps<\/li>\n<li>La tecnolog\u00eda innovadora de eficiencia energ\u00e9tica ahorra consumo de energ\u00eda<\/li>\n<li>Admite autoaprendizaje de direcciones MAC, Auto MDI \/ MDIX y negociaci\u00f3n autom\u00e1tica<\/li>\n<li>Dise\u00f1o plug &amp; play<\/li>\n<\/ul>\n","protected":false},"featured_media":3313,"comment_status":"open","ping_status":"closed","template":"","meta":[],"product_brand":[],"product_cat":[82],"product_tag":[],"class_list":{"0":"post-3312","1":"product","2":"type-product","3":"status-publish","4":"has-post-thumbnail","6":"product_cat-camaras-de-seguridad","8":"first","9":"instock","10":"taxable","11":"shipping-taxable","12":"product-type-simple"},"acf":[],"jetpack_sharing_enabled":true,"_links":{"self":[{"href":"https:\/\/officecomputers.net\/index.php\/wp-json\/wp\/v2\/product\/3312","targetHints":{"allow":["GET"]}}],"collection":[{"href":"https:\/\/officecomputers.net\/index.php\/wp-json\/wp\/v2\/product"}],"about":[{"href":"https:\/\/officecomputers.net\/index.php\/wp-json\/wp\/v2\/types\/product"}],"replies":[{"embeddable":true,"href":"https:\/\/officecomputers.net\/index.php\/wp-json\/wp\/v2\/comments?post=3312"}],"version-history":[{"count":1,"href":"https:\/\/officecomputers.net\/index.php\/wp-json\/wp\/v2\/product\/3312\/revisions"}],"predecessor-version":[{"id":3314,"href":"https:\/\/officecomputers.net\/index.php\/wp-json\/wp\/v2\/product\/3312\/revisions\/3314"}],"wp:featuredmedia":[{"embeddable":true,"href":"https:\/\/officecomputers.net\/index.php\/wp-json\/wp\/v2\/media\/3313"}],"wp:attachment":[{"href":"https:\/\/officecomputers.net\/index.php\/wp-json\/wp\/v2\/media?parent=3312"}],"wp:term":[{"taxonomy":"product_brand","embeddable":true,"href":"https:\/\/officecomputers.net\/index.php\/wp-json\/wp\/v2\/product_brand?post=3312"},{"taxonomy":"product_cat","embeddable":true,"href":"https:\/\/officecomputers.net\/index.php\/wp-json\/wp\/v2\/product_cat?post=3312"},{"taxonomy":"product_tag","embeddable":true,"href":"https:\/\/officecomputers.net\/index.php\/wp-json\/wp\/v2\/product_tag?post=3312"}],"curies":[{"name":"wp","href":"https:\/\/api.w.org\/{rel}","templated":true}]}}