{"id":3134,"date":"2022-05-20T19:13:35","date_gmt":"2022-05-20T19:13:35","guid":{"rendered":"https:\/\/officecomputers.net\/?post_type=product&#038;p=3134"},"modified":"2025-02-25T16:04:38","modified_gmt":"2025-02-25T16:04:38","slug":"router-tp-link-inalambrico-tl-wr841n-300mbps","status":"publish","type":"product","link":"https:\/\/officecomputers.net\/index.php\/product\/router-tp-link-inalambrico-tl-wr841n-300mbps\/","title":{"rendered":"ROUTER TP-LINK INALAMBRICO TL-WR841N 300MBPS"},"content":{"rendered":"<p>Rendimiento: velocidad inal\u00e1mbrica de 300 Mbps ideal para aplicaciones sensibles a las interrupciones, como la transmisi\u00f3n de video HD<br \/>\nRed de invitados: proporciona acceso independiente para invitados mientras protege la red dom\u00e9stica<br \/>\nIPv6: compatible con IPv6 (Protocolo de Internet versi\u00f3n 6)<br \/>\nBot\u00f3n WPS: cifrado de seguridad inal\u00e1mbrico f\u00e1cil con solo presionar el bot\u00f3n WPS<br \/>\nIPTV: admite IGMP Proxy \/ Snooping, Bridge y Tag VLAN para optimizar la transmisi\u00f3n de IPTV<br \/>\nControl de ancho de banda: asigna sus dispositivos preferidos con m\u00e1s ancho de banda<br \/>\nControles parentales: administre cu\u00e1ndo y c\u00f3mo los dispositivos conectados pueden acceder a Internet<\/p>\n","protected":false},"excerpt":{"rendered":"<p>Rendimiento: velocidad inal\u00e1mbrica de 300 Mbps ideal para aplicaciones sensibles a las interrupciones, como la transmisi\u00f3n de video HD Red de invitados: proporciona acceso independiente para invitados mientras protege la red dom\u00e9stica IPv6: compatible con IPv6 (Protocolo de Internet versi\u00f3n 6) Bot\u00f3n WPS: cifrado de seguridad inal\u00e1mbrico f\u00e1cil con solo presionar el bot\u00f3n WPS IPTV: [&hellip;]<\/p>\n","protected":false},"featured_media":3136,"comment_status":"open","ping_status":"closed","template":"","meta":[],"product_brand":[],"product_cat":[82],"product_tag":[],"class_list":{"0":"post-3134","1":"product","2":"type-product","3":"status-publish","4":"has-post-thumbnail","6":"product_cat-camaras-de-seguridad","8":"first","9":"instock","10":"taxable","11":"shipping-taxable","12":"product-type-simple"},"acf":[],"jetpack_sharing_enabled":true,"_links":{"self":[{"href":"https:\/\/officecomputers.net\/index.php\/wp-json\/wp\/v2\/product\/3134","targetHints":{"allow":["GET"]}}],"collection":[{"href":"https:\/\/officecomputers.net\/index.php\/wp-json\/wp\/v2\/product"}],"about":[{"href":"https:\/\/officecomputers.net\/index.php\/wp-json\/wp\/v2\/types\/product"}],"replies":[{"embeddable":true,"href":"https:\/\/officecomputers.net\/index.php\/wp-json\/wp\/v2\/comments?post=3134"}],"version-history":[{"count":1,"href":"https:\/\/officecomputers.net\/index.php\/wp-json\/wp\/v2\/product\/3134\/revisions"}],"predecessor-version":[{"id":3138,"href":"https:\/\/officecomputers.net\/index.php\/wp-json\/wp\/v2\/product\/3134\/revisions\/3138"}],"wp:featuredmedia":[{"embeddable":true,"href":"https:\/\/officecomputers.net\/index.php\/wp-json\/wp\/v2\/media\/3136"}],"wp:attachment":[{"href":"https:\/\/officecomputers.net\/index.php\/wp-json\/wp\/v2\/media?parent=3134"}],"wp:term":[{"taxonomy":"product_brand","embeddable":true,"href":"https:\/\/officecomputers.net\/index.php\/wp-json\/wp\/v2\/product_brand?post=3134"},{"taxonomy":"product_cat","embeddable":true,"href":"https:\/\/officecomputers.net\/index.php\/wp-json\/wp\/v2\/product_cat?post=3134"},{"taxonomy":"product_tag","embeddable":true,"href":"https:\/\/officecomputers.net\/index.php\/wp-json\/wp\/v2\/product_tag?post=3134"}],"curies":[{"name":"wp","href":"https:\/\/api.w.org\/{rel}","templated":true}]}}