{"id":3117,"date":"2022-05-20T18:11:38","date_gmt":"2022-05-20T18:11:38","guid":{"rendered":"https:\/\/officecomputers.net\/?post_type=product&#038;p=3117"},"modified":"2025-02-25T16:04:41","modified_gmt":"2025-02-25T16:04:41","slug":"router-tp-link-300mbps-inalambrico-2-4ghz-mr600-4g-cta6","status":"publish","type":"product","link":"https:\/\/officecomputers.net\/index.php\/product\/router-tp-link-300mbps-inalambrico-2-4ghz-mr600-4g-cta6\/","title":{"rendered":"ROUTER TP-LINK 300MBPS INALAMBRICO 2.4GHZ MR600 4G CTA6"},"content":{"rendered":"<p>El primer enrutador 4G + de TP-Link: admite 4G + Cat6 para aumentar las velocidades de datos de hasta 300 Mbps *<br \/>\nConecte una tarjeta SIM y juegue: no se necesitan configuraciones, la compatibilidad de las tarjetas SIM en m\u00e1s de 100 pa\u00edses est\u00e1 asegurada por a\u00f1os de pruebas de campo<br \/>\nCompatible con MU-MIMO: los flujos de datos simult\u00e1neos aumentan el rendimiento de WiFi y la eficiencia de la red.<br \/>\nAdmite TP-Link OneMesh TM : colabora con los productos TP-Link OneMesh para crear una red Mesh flexible y rentable<br \/>\nMejor se\u00f1al para conexiones en todas partes: disfrute de conexiones estables y eficientes para todos los dispositivos gracias a las dos antenas LTE externas<br \/>\nPuertos Gigabit completos: proporciona conexiones por cable confiables para dispositivos que consumen mucho ancho de banda, como consolas de juegos y STB.<br \/>\nModo de enrutador Wi-Fi: conecte un cable Ethernet al puerto LAN \/ WAN para un acceso flexible como una opci\u00f3n de respaldo si no puede obtener una conexi\u00f3n 4G<br \/>\nF\u00e1cil configuraci\u00f3n y administraci\u00f3n, todo mediante la aplicaci\u00f3n Tether<\/p>\n","protected":false},"excerpt":{"rendered":"<p>El primer enrutador 4G + de TP-Link: admite 4G + Cat6 para aumentar las velocidades de datos de hasta 300 Mbps * Conecte una tarjeta SIM y juegue: no se necesitan configuraciones, la compatibilidad de las tarjetas SIM en m\u00e1s de 100 pa\u00edses est\u00e1 asegurada por a\u00f1os de pruebas de campo Compatible con MU-MIMO: los [&hellip;]<\/p>\n","protected":false},"featured_media":3119,"comment_status":"open","ping_status":"closed","template":"","meta":[],"product_brand":[],"product_cat":[82],"product_tag":[],"class_list":{"0":"post-3117","1":"product","2":"type-product","3":"status-publish","4":"has-post-thumbnail","6":"product_cat-camaras-de-seguridad","8":"first","9":"instock","10":"taxable","11":"shipping-taxable","12":"product-type-simple"},"acf":[],"jetpack_sharing_enabled":true,"_links":{"self":[{"href":"https:\/\/officecomputers.net\/index.php\/wp-json\/wp\/v2\/product\/3117","targetHints":{"allow":["GET"]}}],"collection":[{"href":"https:\/\/officecomputers.net\/index.php\/wp-json\/wp\/v2\/product"}],"about":[{"href":"https:\/\/officecomputers.net\/index.php\/wp-json\/wp\/v2\/types\/product"}],"replies":[{"embeddable":true,"href":"https:\/\/officecomputers.net\/index.php\/wp-json\/wp\/v2\/comments?post=3117"}],"version-history":[{"count":0,"href":"https:\/\/officecomputers.net\/index.php\/wp-json\/wp\/v2\/product\/3117\/revisions"}],"wp:featuredmedia":[{"embeddable":true,"href":"https:\/\/officecomputers.net\/index.php\/wp-json\/wp\/v2\/media\/3119"}],"wp:attachment":[{"href":"https:\/\/officecomputers.net\/index.php\/wp-json\/wp\/v2\/media?parent=3117"}],"wp:term":[{"taxonomy":"product_brand","embeddable":true,"href":"https:\/\/officecomputers.net\/index.php\/wp-json\/wp\/v2\/product_brand?post=3117"},{"taxonomy":"product_cat","embeddable":true,"href":"https:\/\/officecomputers.net\/index.php\/wp-json\/wp\/v2\/product_cat?post=3117"},{"taxonomy":"product_tag","embeddable":true,"href":"https:\/\/officecomputers.net\/index.php\/wp-json\/wp\/v2\/product_tag?post=3117"}],"curies":[{"name":"wp","href":"https:\/\/api.w.org\/{rel}","templated":true}]}}