{"id":3048,"date":"2022-05-18T19:46:42","date_gmt":"2022-05-18T19:46:42","guid":{"rendered":"https:\/\/officecomputers.net\/?post_type=product&#038;p=3048"},"modified":"2025-06-06T19:46:14","modified_gmt":"2025-06-06T19:46:14","slug":"multifuncional-epson-wf-6590dw-inalambrica","status":"publish","type":"product","link":"https:\/\/officecomputers.net\/index.php\/product\/multifuncional-epson-wf-6590dw-inalambrica\/","title":{"rendered":"MULTIFUNCIONAL EPSON WF-6590DW INAL\u00c1MBRICA"},"content":{"rendered":"<p>La impresora multifuncional WorkForce\u00ae Pro WF-6590, con tecnolog\u00eda PrecisionCore\u00ae, es ideal para grupos de trabajo. Ahorra hasta un 50% en costos de impresi\u00f3n en comparaci\u00f3n con las impresoras l\u00e1ser de color<sup>1<\/sup>\u00a0y reduce al m\u00ednimo el tiempo de inactividad gracias a los cartuchos de alta capacidad de Epson, que imprimen hasta 10000\/7000 p\u00e1ginas en negro\/color<sup>2<\/sup>.<\/p>\n<p>Adem\u00e1s, cuenta con una capacidad de papel de hasta 1580 hojas. La multifuncional de oficina WF-6590, imprime documentos de calidad profesional tan r\u00e1pido como 34 ppm negro\/color\u2020\u2020 y es compatible con las principales soluciones de software MPS.<\/p>\n","protected":false},"excerpt":{"rendered":"<ul>\n<li>Impresora 4-en-1, con Wireless\/Ethernet &amp; PCL\/PS: Imprime \/ Copia \/ Escanea \/ Fax<\/li>\n<li>Tinta de pigmento DURABrite\u00ae Pro (resistente al agua, las manchas y la decoloraci\u00f3n)<\/li>\n<li>M\u00e1xima velocidad de impresi\u00f3n: Hasta 34 ppm\u2020\u2020<\/li>\n<\/ul>\n","protected":false},"featured_media":3049,"comment_status":"open","ping_status":"closed","template":"","meta":[],"product_brand":[],"product_cat":[186],"product_tag":[],"class_list":{"0":"post-3048","1":"product","2":"type-product","3":"status-publish","4":"has-post-thumbnail","6":"product_cat-impresoras","8":"first","9":"instock","10":"taxable","11":"shipping-taxable","12":"product-type-simple"},"acf":[],"jetpack_sharing_enabled":true,"_links":{"self":[{"href":"https:\/\/officecomputers.net\/index.php\/wp-json\/wp\/v2\/product\/3048","targetHints":{"allow":["GET"]}}],"collection":[{"href":"https:\/\/officecomputers.net\/index.php\/wp-json\/wp\/v2\/product"}],"about":[{"href":"https:\/\/officecomputers.net\/index.php\/wp-json\/wp\/v2\/types\/product"}],"replies":[{"embeddable":true,"href":"https:\/\/officecomputers.net\/index.php\/wp-json\/wp\/v2\/comments?post=3048"}],"version-history":[{"count":1,"href":"https:\/\/officecomputers.net\/index.php\/wp-json\/wp\/v2\/product\/3048\/revisions"}],"predecessor-version":[{"id":4020,"href":"https:\/\/officecomputers.net\/index.php\/wp-json\/wp\/v2\/product\/3048\/revisions\/4020"}],"wp:featuredmedia":[{"embeddable":true,"href":"https:\/\/officecomputers.net\/index.php\/wp-json\/wp\/v2\/media\/3049"}],"wp:attachment":[{"href":"https:\/\/officecomputers.net\/index.php\/wp-json\/wp\/v2\/media?parent=3048"}],"wp:term":[{"taxonomy":"product_brand","embeddable":true,"href":"https:\/\/officecomputers.net\/index.php\/wp-json\/wp\/v2\/product_brand?post=3048"},{"taxonomy":"product_cat","embeddable":true,"href":"https:\/\/officecomputers.net\/index.php\/wp-json\/wp\/v2\/product_cat?post=3048"},{"taxonomy":"product_tag","embeddable":true,"href":"https:\/\/officecomputers.net\/index.php\/wp-json\/wp\/v2\/product_tag?post=3048"}],"curies":[{"name":"wp","href":"https:\/\/api.w.org\/{rel}","templated":true}]}}