{"id":3042,"date":"2022-05-18T19:27:17","date_gmt":"2022-05-18T19:27:17","guid":{"rendered":"https:\/\/officecomputers.net\/?post_type=product&#038;p=3042"},"modified":"2025-02-25T17:57:06","modified_gmt":"2025-02-25T17:57:06","slug":"multifuncional-epson-l14150-formato-ancho","status":"publish","type":"product","link":"https:\/\/officecomputers.net\/index.php\/product\/multifuncional-epson-l14150-formato-ancho\/","title":{"rendered":"MULTIFUNCIONAL EPSON L14150 FORMATO ANCHO"},"content":{"rendered":"<p style=\"text-align: left;\">La nueva multifuncional inal\u00e1mbrica EcoTank 4 en 1 L14150 te ofrece impresi\u00f3n 100% sin cartuchos con soporte para formatos anchos hasta A3+, con botellas de tinta dise\u00f1adas para evitar derrames y codificadas para llenado f\u00e1cil de cada color. La EcoTank L14150 te permite imprimir hasta 7.500 p\u00e1ginas en negro<sup>2<\/sup>\u00a0o 6.000 p\u00e1ginas a color<sup>2<\/sup>. Imprime cientos de proyectos sin interrupciones, con los juegos de botellas de tinta original Epson que equivalen a unos 35 juegos de cartuchos de tinta<sup>1<\/sup>, ahorrando hasta 90% en tinta con las botellas de reemplazo de bajo costo<sup>3<\/sup>. Imprime sin la necesidad de una PC, gracias a su pantalla de 2,4&#8243;<\/p>\n","protected":false},"excerpt":{"rendered":"<ul>\n<li>Alta Productividad<\/li>\n<li>Alta velocidad de impresi\u00f3n ISO<\/li>\n<li>Impresiones ultra n\u00edtidas<\/li>\n<\/ul>\n","protected":false},"featured_media":3043,"comment_status":"open","ping_status":"closed","template":"","meta":[],"product_brand":[],"product_cat":[186],"product_tag":[],"class_list":{"0":"post-3042","1":"product","2":"type-product","3":"status-publish","4":"has-post-thumbnail","6":"product_cat-impresoras","7":"yith_product_brand-epson","9":"first","10":"instock","11":"taxable","12":"shipping-taxable","13":"product-type-simple"},"acf":[],"jetpack_sharing_enabled":true,"_links":{"self":[{"href":"https:\/\/officecomputers.net\/index.php\/wp-json\/wp\/v2\/product\/3042","targetHints":{"allow":["GET"]}}],"collection":[{"href":"https:\/\/officecomputers.net\/index.php\/wp-json\/wp\/v2\/product"}],"about":[{"href":"https:\/\/officecomputers.net\/index.php\/wp-json\/wp\/v2\/types\/product"}],"replies":[{"embeddable":true,"href":"https:\/\/officecomputers.net\/index.php\/wp-json\/wp\/v2\/comments?post=3042"}],"version-history":[{"count":1,"href":"https:\/\/officecomputers.net\/index.php\/wp-json\/wp\/v2\/product\/3042\/revisions"}],"predecessor-version":[{"id":4046,"href":"https:\/\/officecomputers.net\/index.php\/wp-json\/wp\/v2\/product\/3042\/revisions\/4046"}],"wp:featuredmedia":[{"embeddable":true,"href":"https:\/\/officecomputers.net\/index.php\/wp-json\/wp\/v2\/media\/3043"}],"wp:attachment":[{"href":"https:\/\/officecomputers.net\/index.php\/wp-json\/wp\/v2\/media?parent=3042"}],"wp:term":[{"taxonomy":"product_brand","embeddable":true,"href":"https:\/\/officecomputers.net\/index.php\/wp-json\/wp\/v2\/product_brand?post=3042"},{"taxonomy":"product_cat","embeddable":true,"href":"https:\/\/officecomputers.net\/index.php\/wp-json\/wp\/v2\/product_cat?post=3042"},{"taxonomy":"product_tag","embeddable":true,"href":"https:\/\/officecomputers.net\/index.php\/wp-json\/wp\/v2\/product_tag?post=3042"}],"curies":[{"name":"wp","href":"https:\/\/api.w.org\/{rel}","templated":true}]}}