{"id":2824,"date":"2022-05-10T09:37:14","date_gmt":"2022-05-10T09:37:14","guid":{"rendered":"https:\/\/officecomputers.net\/?post_type=product&#038;p=2824"},"modified":"2025-02-25T15:56:52","modified_gmt":"2025-02-25T15:56:52","slug":"mochila-para-laptop-lenovo-b210-15","status":"publish","type":"product","link":"https:\/\/officecomputers.net\/index.php\/product\/mochila-para-laptop-lenovo-b210-15\/","title":{"rendered":"MOCHILA PARA LAPTOP LENOVO B210 15"},"content":{"rendered":"","protected":false},"excerpt":{"rendered":"<p>La mochila casual para equipos port\u00e1tiles Lenovo de 39,6 cm (15,6&#8243;) B210 utiliza tela a prueba de agua y posee un dise\u00f1o limpio y elegante que da origen a un malet\u00edn que se adapta perfectamente a la vida moderna. Ofrece un compartimiento para equipos port\u00e1tiles integrado que se adapta c\u00f3modamente a la mayor\u00eda de los equipos port\u00e1tiles de hasta 39,6 cm (15,6&#8243;), posee diversos bolsillos internos para los accesorios y un espacioso compartimiento principal para libros y otros art\u00edculos. Dise\u00f1o casual y estilizado; Tela repelente al agua de alta calidad y duradera; Gran capacidad de almacenamiento: se adapta a sistemas port\u00e1tiles de 39,6 cm (15,6&#8243;); Compartimentos y bolsillos bien posicionados.<\/p>\n","protected":false},"featured_media":2825,"comment_status":"open","ping_status":"closed","template":"","meta":[],"product_brand":[],"product_cat":[77],"product_tag":[],"class_list":{"0":"post-2824","1":"product","2":"type-product","3":"status-publish","4":"has-post-thumbnail","6":"product_cat-accesorios","8":"first","9":"instock","10":"taxable","11":"shipping-taxable","12":"product-type-simple"},"acf":[],"jetpack_sharing_enabled":true,"_links":{"self":[{"href":"https:\/\/officecomputers.net\/index.php\/wp-json\/wp\/v2\/product\/2824","targetHints":{"allow":["GET"]}}],"collection":[{"href":"https:\/\/officecomputers.net\/index.php\/wp-json\/wp\/v2\/product"}],"about":[{"href":"https:\/\/officecomputers.net\/index.php\/wp-json\/wp\/v2\/types\/product"}],"replies":[{"embeddable":true,"href":"https:\/\/officecomputers.net\/index.php\/wp-json\/wp\/v2\/comments?post=2824"}],"version-history":[{"count":1,"href":"https:\/\/officecomputers.net\/index.php\/wp-json\/wp\/v2\/product\/2824\/revisions"}],"predecessor-version":[{"id":2829,"href":"https:\/\/officecomputers.net\/index.php\/wp-json\/wp\/v2\/product\/2824\/revisions\/2829"}],"wp:featuredmedia":[{"embeddable":true,"href":"https:\/\/officecomputers.net\/index.php\/wp-json\/wp\/v2\/media\/2825"}],"wp:attachment":[{"href":"https:\/\/officecomputers.net\/index.php\/wp-json\/wp\/v2\/media?parent=2824"}],"wp:term":[{"taxonomy":"product_brand","embeddable":true,"href":"https:\/\/officecomputers.net\/index.php\/wp-json\/wp\/v2\/product_brand?post=2824"},{"taxonomy":"product_cat","embeddable":true,"href":"https:\/\/officecomputers.net\/index.php\/wp-json\/wp\/v2\/product_cat?post=2824"},{"taxonomy":"product_tag","embeddable":true,"href":"https:\/\/officecomputers.net\/index.php\/wp-json\/wp\/v2\/product_tag?post=2824"}],"curies":[{"name":"wp","href":"https:\/\/api.w.org\/{rel}","templated":true}]}}