{"id":2806,"date":"2022-05-10T09:29:29","date_gmt":"2022-05-10T09:29:29","guid":{"rendered":"https:\/\/officecomputers.net\/?post_type=product&#038;p=2806"},"modified":"2025-02-25T17:57:09","modified_gmt":"2025-02-25T17:57:09","slug":"multifuncional-epson-workforce-pro-wf-c579r","status":"publish","type":"product","link":"https:\/\/officecomputers.net\/index.php\/product\/multifuncional-epson-workforce-pro-wf-c579r\/","title":{"rendered":"MULTIFUNCIONAL EPSON WORKFORCE PRO WF-C579R INAL IMP\/COPIA\/ESCAN\/FAX\/ETHER"},"content":{"rendered":"<p><b>Compacta para mejorar la productividad &#8211;<\/b>\u00a0Dise\u00f1o compacto gracias al Sistema de Bolsas de Tinta Reemplazables (RIPS) para una estaci\u00f3n de trabajo eficiente y optimizada<\/p>\n<p><b>Minimiza las intervenciones &#8211;<\/b>\u00a0Menos partes para reemplazar se traducen en menos intervenciones<\/p>\n<p><b>Interfaz f\u00e1cil de usar &#8211;<\/b>\u00a0La pantalla LCD t\u00e1ctil de 4,3&#8243; ofrece una interfaz limpia y f\u00e1cil de usar con menos botones f\u00edsicos<\/p>\n<p><b>Alta capacidad de papel (con bandejas opcionales) &#8211;<\/b> Capacidad de papel de hasta 1.330 p\u00e1ginas con las bandejas opcionales.<\/p>\n","protected":false},"excerpt":{"rendered":"<p>La impresora multifuncional para grupos de trabajo WorkForce<sup>\u00ae<\/sup>\u00a0Pro WF-C579R ofrece una impresi\u00f3n a color de alta calidad que cuida su presupuesto. Con tecnolog\u00eda de inyecci\u00f3n de tinta PrecisionCore<sup>\u00ae<\/sup>, esta compacta multifuncional cuenta con la nueva generaci\u00f3n de Sistema de Bolsa de Tintas Reemplazables (RIPS) con bolsas de ultra alta capacidad que pueden suministrar suficiente tinta para imprimir hasta 50.000 p\u00e1ginas ISO en color negro \/ 20.000 ISO en color antes de cambiar las bolsas. Adem\u00e1s sus impresiones son de calidad profesional y r\u00e1pidas, con velocidades de 24 ppm en ISO (negro \/ color)\u2020, sin tiempo de calentamiento. La WF-579R tiene el esc\u00e1ner m\u00e1s r\u00e1pido de la l\u00ednea A4 de Epson, con un alimentador autom\u00e1tico (ADF) de 50 p\u00e1ginas, impresi\u00f3n a doble cara, copiado, escaneo y env\u00edo de faxes\u00a0 a una velocidad de 30 ipm en negro o en color. Su capacidad de manejo de papel puede ser expandida a 1.330 hojas con las bandejas de papel opcionales.<\/p>\n","protected":false},"featured_media":2807,"comment_status":"open","ping_status":"closed","template":"","meta":[],"product_brand":[],"product_cat":[186],"product_tag":[],"class_list":{"0":"post-2806","1":"product","2":"type-product","3":"status-publish","4":"has-post-thumbnail","6":"product_cat-impresoras","7":"yith_product_brand-epson","9":"first","10":"instock","11":"taxable","12":"shipping-taxable","13":"product-type-simple"},"acf":[],"jetpack_sharing_enabled":true,"_links":{"self":[{"href":"https:\/\/officecomputers.net\/index.php\/wp-json\/wp\/v2\/product\/2806","targetHints":{"allow":["GET"]}}],"collection":[{"href":"https:\/\/officecomputers.net\/index.php\/wp-json\/wp\/v2\/product"}],"about":[{"href":"https:\/\/officecomputers.net\/index.php\/wp-json\/wp\/v2\/types\/product"}],"replies":[{"embeddable":true,"href":"https:\/\/officecomputers.net\/index.php\/wp-json\/wp\/v2\/comments?post=2806"}],"version-history":[{"count":2,"href":"https:\/\/officecomputers.net\/index.php\/wp-json\/wp\/v2\/product\/2806\/revisions"}],"predecessor-version":[{"id":3878,"href":"https:\/\/officecomputers.net\/index.php\/wp-json\/wp\/v2\/product\/2806\/revisions\/3878"}],"wp:featuredmedia":[{"embeddable":true,"href":"https:\/\/officecomputers.net\/index.php\/wp-json\/wp\/v2\/media\/2807"}],"wp:attachment":[{"href":"https:\/\/officecomputers.net\/index.php\/wp-json\/wp\/v2\/media?parent=2806"}],"wp:term":[{"taxonomy":"product_brand","embeddable":true,"href":"https:\/\/officecomputers.net\/index.php\/wp-json\/wp\/v2\/product_brand?post=2806"},{"taxonomy":"product_cat","embeddable":true,"href":"https:\/\/officecomputers.net\/index.php\/wp-json\/wp\/v2\/product_cat?post=2806"},{"taxonomy":"product_tag","embeddable":true,"href":"https:\/\/officecomputers.net\/index.php\/wp-json\/wp\/v2\/product_tag?post=2806"}],"curies":[{"name":"wp","href":"https:\/\/api.w.org\/{rel}","templated":true}]}}