{"id":2796,"date":"2022-05-10T09:25:12","date_gmt":"2022-05-10T09:25:12","guid":{"rendered":"https:\/\/officecomputers.net\/?post_type=product&#038;p=2796"},"modified":"2025-02-25T17:57:13","modified_gmt":"2025-02-25T17:57:13","slug":"multifuncional-epson-l4260-duplex-wirelles","status":"publish","type":"product","link":"https:\/\/officecomputers.net\/index.php\/product\/multifuncional-epson-l4260-duplex-wirelles\/","title":{"rendered":"MULTIFUNCIONAL EPSON L4260 FLUJO CONTINUO WIFI DUPLEX"},"content":{"rendered":"<p><strong>Vers\u00e1til y compacto 3 en 1:<\/strong>\u00a0Impresora multifunci\u00f3n de tanque de tinta para imprimir, copiar, escanear con gran calidad. Ideal para la impresi\u00f3n de documentos<\/p>\n<p><strong>Conveniente:<\/strong>\u00a0Conectividad Wi-Fi y Wi-Fi Direct, compatible con la nueva aplicaci\u00f3n Smart Panel para una nueva y productiva experiencia en impresi\u00f3n desde sus dispositivos m\u00f3viles. Copiado y escaneo f\u00e1cil sin computador gracias a la\u00a0 pantalla LCD a color de 1,44&#8243;&#8221;<\/p>\n<p><strong>Mayor productividad:<\/strong>\u00a0Impresi\u00f3n autom\u00e1tica a doble cara (A4 \/ Carta) y mayor capacidad gracias a la bandeja de alimentacion de papel trasera que soporta hasta 100 hojas (A4\/Carta\/Oficio). Impresiones sin interrupciones gracias a la tecnologia sin calor Epson Heat Free, que brinda un desempe\u00f1o eficiente y ofrece hasta un 90% en ahorros de energia versus l\u00e1ser.<\/p>\n<p><strong>Impresi\u00f3n sin estr\u00e9s y de bajo costo:<\/strong> Imprime hasta 7.500 p\u00e1ginas de documentos en negro \/ 6.000 en color con botellas de repuesto de bajo costo.<\/p>\n","protected":false},"excerpt":{"rendered":"<p>La impresora multifuncional 3 en 1 L4260 para emprendedores y peque\u00f1as oficinas ofrece funciones de productividad a un precio asequible,\u00a0 como la tecnolog\u00eda de impresi\u00f3n a doble cara autom\u00e1tica , conectividad Wi-Fi y compatible con nueva aplicacion\u00a0 Epson Smart Panel, para aprovechar toda la productividad de su impresora a trav\u00e9s de sus dispositivo inteligentes. Cuenta con la tecnolog\u00eda sin calor Epson Heat Free, que brinda un desempe\u00f1o eficiente, ayudandolo a aumentar la productividad de su negocio y le ofrece la posibilidad de imprimir a color, por menos de lo que cuesta imprimir en blanco y negro en una impresora laser monocromatica. La L4260 utiliza tinta negra pigmentada, la cual tiene una alta resistencia al agua, a la decoloraci\u00f3n y a las manchas para mejor preservaci\u00f3n de documentos de texto. Ideal para aquellos\u00a0 que buscan minimizar sus costos operativos de impresi\u00f3n y el consumo de papel con la conveniencia y confiabilidad que ofrece EcoTank, l\u00edder en impresi\u00f3n con tanques de tinta.<\/p>\n","protected":false},"featured_media":2797,"comment_status":"open","ping_status":"closed","template":"","meta":[],"product_brand":[],"product_cat":[186],"product_tag":[],"class_list":{"0":"post-2796","1":"product","2":"type-product","3":"status-publish","4":"has-post-thumbnail","6":"product_cat-impresoras","7":"yith_product_brand-epson","9":"first","10":"instock","11":"taxable","12":"shipping-taxable","13":"product-type-simple"},"acf":[],"jetpack_sharing_enabled":true,"_links":{"self":[{"href":"https:\/\/officecomputers.net\/index.php\/wp-json\/wp\/v2\/product\/2796","targetHints":{"allow":["GET"]}}],"collection":[{"href":"https:\/\/officecomputers.net\/index.php\/wp-json\/wp\/v2\/product"}],"about":[{"href":"https:\/\/officecomputers.net\/index.php\/wp-json\/wp\/v2\/types\/product"}],"replies":[{"embeddable":true,"href":"https:\/\/officecomputers.net\/index.php\/wp-json\/wp\/v2\/comments?post=2796"}],"version-history":[{"count":2,"href":"https:\/\/officecomputers.net\/index.php\/wp-json\/wp\/v2\/product\/2796\/revisions"}],"predecessor-version":[{"id":4045,"href":"https:\/\/officecomputers.net\/index.php\/wp-json\/wp\/v2\/product\/2796\/revisions\/4045"}],"wp:featuredmedia":[{"embeddable":true,"href":"https:\/\/officecomputers.net\/index.php\/wp-json\/wp\/v2\/media\/2797"}],"wp:attachment":[{"href":"https:\/\/officecomputers.net\/index.php\/wp-json\/wp\/v2\/media?parent=2796"}],"wp:term":[{"taxonomy":"product_brand","embeddable":true,"href":"https:\/\/officecomputers.net\/index.php\/wp-json\/wp\/v2\/product_brand?post=2796"},{"taxonomy":"product_cat","embeddable":true,"href":"https:\/\/officecomputers.net\/index.php\/wp-json\/wp\/v2\/product_cat?post=2796"},{"taxonomy":"product_tag","embeddable":true,"href":"https:\/\/officecomputers.net\/index.php\/wp-json\/wp\/v2\/product_tag?post=2796"}],"curies":[{"name":"wp","href":"https:\/\/api.w.org\/{rel}","templated":true}]}}