{"id":5719,"date":"2023-10-22T07:28:36","date_gmt":"2023-10-22T07:28:36","guid":{"rendered":"https:\/\/electio.ecom.themepreview.xyz\/home-one\/?page_id=4232"},"modified":"2025-05-22T14:41:19","modified_gmt":"2025-05-22T14:41:19","slug":"about-us-5","status":"publish","type":"page","link":"https:\/\/officecomputers.net\/index.php\/about-us-5\/","title":{"rendered":"Sobre nosotros"},"content":{"rendered":"\t\t<div data-elementor-type=\"wp-page\" data-elementor-id=\"5719\" class=\"elementor elementor-5719\">\n\t\t\t\t<div class=\"elementor-element elementor-element-603c442 e-flex e-con-boxed e-con e-parent\" data-id=\"603c442\" data-element_type=\"container\" data-settings=\"{&quot;background_background&quot;:&quot;classic&quot;}\">\n\t\t\t\t\t<div class=\"e-con-inner\">\n\t\t\t\t<div class=\"elementor-element elementor-element-84a4cfa elementor-widget elementor-widget-electio_about_us\" data-id=\"84a4cfa\" data-element_type=\"widget\" data-widget_type=\"electio_about_us.default\">\n\t\t\t\t<div class=\"elementor-widget-container\">\n\t\t\t\t\t        <!-- about section start -->\n        <section class=\"el-main-about-section ptb-120 wow fadeInUp\">\n            <div class=\"container container-xxxl custom_container_width\">\n                <div class=\"row\">\n                    <div class=\"col-lg-6 wow fadeInUp\">\n                                                    <h6 class=\"subtitle\">\n                                Acerca de nosotros                            <\/h6>\n                                                                            <h2 class=\"title mb-20\">\n                                \u00bfQuienes somos?                            <\/h2>\n                        \n                                                    <p class=\"ec__about_description\">\n                                Office Computers sociedad de responsabilidad limitada es una empresa de capital netamente hondure\u00f1a, orientada a la comercializaci\u00f3n y distribuci\u00f3n de productos para oficina, tecnolog\u00eda, redes, bioseguridad e instalaciones. OC nace para cubrir una necesidad corporativa de entregas emergentes, de ah\u00ed nuestro lema; \u201cnadie entrega m\u00e1s r\u00e1pido que Office Computers\u201d, inculcamos a nuestro equipo de ventas la empat\u00eda, de esta manera toman las emergencias de cada uno de nuestros clientes como suyas y tratamos de resolver a la mayor brevedad posible.                            <\/p>\n                        \n                                                    <a class=\"btn-yellow el-btn mt-20\" href=\"https:\/\/officecomputers.net\/index.php\/shop\/\">\n                                Ver todos los productos                                <i class=\"fa-solid fa-arrow-right\"><\/i>\n                            <\/a>\n                                            <\/div>\n                                            <div class=\"col-lg-6 mt-30 mt-lg-0 wow fadeInUp\">\n                            <img decoding=\"async\" src=\"https:\/\/officecomputers.net\/wp-content\/uploads\/2024\/08\/logo-en-png.png\" alt=\"about img\" class=\"img-fluid\">\n                        <\/div>\n                                    <\/div>\n            <\/div>\n        <\/section>\n        <!-- about section end -->\n        \t\t\t\t<\/div>\n\t\t\t\t<\/div>\n\t\t\t\t\t<\/div>\n\t\t\t\t<\/div>\n\t\t<div class=\"elementor-element elementor-element-f126707 e-flex e-con-boxed e-con e-parent\" data-id=\"f126707\" data-element_type=\"container\">\n\t\t\t\t\t<div class=\"e-con-inner\">\n\t\t\t\t<div class=\"elementor-element elementor-element-ba4ebb9 elementor-widget elementor-widget-electio_icon_box\" data-id=\"ba4ebb9\" data-element_type=\"widget\" data-widget_type=\"electio_icon_box.default\">\n\t\t\t\t<div class=\"elementor-widget-container\">\n\t\t\t\t\t    <!-- about feature section start -->\r\n    <div class=\"el-main-about-fea-section ptb-100\">\r\n        <div class=\"container container-xxxl custom_container_width\">\r\n            <div class=\"row\">\r\n                                    <div class=\"col-lg-4 wow fadeInUp\" data-wow-delay=\".0s\">\r\n                        <div class=\"single-about-feature\">\r\n                                                                                        <h4 class=\"title\">Office Computers<\/h4>\r\n                                                                                        <p class=\"subtitle\">\r\n                                    \u201cNadie entrega m\u00e1s r\u00e1pido que Office Computers\u201d                                <\/p>\r\n                                                    <\/div>\r\n                    <\/div>\r\n                                    <div class=\"col-lg-4 wow fadeInUp\" data-wow-delay=\".1s\">\r\n                        <div class=\"single-about-feature\">\r\n                                                                                        <h4 class=\"title\">Misi\u00f3n<\/h4>\r\n                                                                                        <p class=\"subtitle\">\r\n                                    Ayudar a cada empresa a nivel nacional tomando sus emergencias corporativas en productos de oficina y tecnolog\u00eda como si fueran nuestras.\n\n                                <\/p>\r\n                                                    <\/div>\r\n                    <\/div>\r\n                                    <div class=\"col-lg-4 wow fadeInUp\" data-wow-delay=\".2s\">\r\n                        <div class=\"single-about-feature\">\r\n                                                                                        <h4 class=\"title\">Visi\u00f3n<\/h4>\r\n                                                                                        <p class=\"subtitle\">\r\n                                    Posicionarnos como la soluci\u00f3n m\u00e1s completa y r\u00e1pida en productos de oficina y tecnolog\u00eda para el sector empresarial a nivel nacional.\n\n\n                                <\/p>\r\n                                                    <\/div>\r\n                    <\/div>\r\n                            <\/div>\r\n        <\/div>\r\n    <\/div>\r\n    <!-- about feature section end-->\r\n    \t\t\t\t<\/div>\n\t\t\t\t<\/div>\n\t\t\t\t\t<\/div>\n\t\t\t\t<\/div>\n\t\t<div class=\"elementor-element elementor-element-bf6a477 e-flex e-con-boxed e-con e-parent\" data-id=\"bf6a477\" data-element_type=\"container\">\n\t\t\t\t\t<div class=\"e-con-inner\">\n\t\t\t\t<div class=\"elementor-element elementor-element-b442f54 elementor-widget elementor-widget-google_maps\" data-id=\"b442f54\" data-element_type=\"widget\" data-widget_type=\"google_maps.default\">\n\t\t\t\t<div class=\"elementor-widget-container\">\n\t\t\t\t\t\t\t<div class=\"elementor-custom-embed\">\n\t\t\t<iframe loading=\"lazy\"\n\t\t\t\t\tsrc=\"https:\/\/maps.google.com\/maps?q=Office%20computers&#038;t=m&#038;z=10&#038;output=embed&#038;iwloc=near\"\n\t\t\t\t\ttitle=\"Office computers\"\n\t\t\t\t\taria-label=\"Office computers\"\n\t\t\t><\/iframe>\n\t\t<\/div>\n\t\t\t\t\t\t<\/div>\n\t\t\t\t<\/div>\n\t\t\t\t\t<\/div>\n\t\t\t\t<\/div>\n\t\t<div class=\"elementor-element elementor-element-d460d82 e-flex e-con-boxed e-con e-parent\" data-id=\"d460d82\" data-element_type=\"container\">\n\t\t\t\t\t<div class=\"e-con-inner\">\n\t\t\t\t<div class=\"elementor-element elementor-element-4b1206c elementor-widget elementor-widget-electio_brand_logo\" data-id=\"4b1206c\" data-element_type=\"widget\" data-widget_type=\"electio_brand_logo.default\">\n\t\t\t\t<div class=\"elementor-widget-container\">\n\t\t\t\t\t        <!--brand section start-->\n        <div class=\"el2-brand-section bg-white\">\n            <div class=\"container-1440\">\n                <div class=\"el2-brands-list \">\n                                            <div class=\"el2-brand-single wow animate__flipInX\" data-wow-delay=\".1s\">\n                            <a href=\"\">\n                                <img decoding=\"async\" src=\"https:\/\/officecomputers.net\/wp-content\/uploads\/2024\/09\/DELL.png\" alt=\"brand\" class=\"img-fluid\">\n                            <\/a>\n                        <\/div>\n                                                <div class=\"el2-brand-single wow animate__flipInX\" data-wow-delay=\".2s\">\n                            <a href=\"\">\n                                <img decoding=\"async\" src=\"https:\/\/officecomputers.net\/wp-content\/uploads\/2024\/09\/HP.png\" alt=\"brand\" class=\"img-fluid\">\n                            <\/a>\n                        <\/div>\n                                                <div class=\"el2-brand-single wow animate__flipInX\" data-wow-delay=\".3s\">\n                            <a href=\"\">\n                                <img decoding=\"async\" src=\"https:\/\/officecomputers.net\/wp-content\/uploads\/2024\/08\/EPSON.png\" alt=\"brand\" class=\"img-fluid\">\n                            <\/a>\n                        <\/div>\n                                                <div class=\"el2-brand-single wow animate__flipInX\" data-wow-delay=\".4s\">\n                            <a href=\"\">\n                                <img decoding=\"async\" src=\"https:\/\/officecomputers.net\/wp-content\/uploads\/2024\/08\/LENOVO.png\" alt=\"brand\" class=\"img-fluid\">\n                            <\/a>\n                        <\/div>\n                                                <div class=\"el2-brand-single wow animate__flipInX\" data-wow-delay=\".5s\">\n                            <a href=\"\">\n                                <img decoding=\"async\" src=\"https:\/\/officecomputers.net\/wp-content\/uploads\/2024\/08\/BROTHER.png\" alt=\"brand\" class=\"img-fluid\">\n                            <\/a>\n                        <\/div>\n                                                <div class=\"el2-brand-single wow animate__flipInX\" data-wow-delay=\".6s\">\n                            <a href=\"\">\n                                <img decoding=\"async\" src=\"https:\/\/officecomputers.net\/wp-content\/uploads\/2024\/08\/MICROSOFT.png\" alt=\"brand\" class=\"img-fluid\">\n                            <\/a>\n                        <\/div>\n                                                <div class=\"el2-brand-single wow animate__flipInX\" data-wow-delay=\".7s\">\n                            <a href=\"\">\n                                <img decoding=\"async\" src=\"https:\/\/officecomputers.net\/wp-content\/uploads\/2024\/08\/OFFICE.png\" alt=\"brand\" class=\"img-fluid\">\n                            <\/a>\n                        <\/div>\n                                                <div class=\"el2-brand-single wow animate__flipInX\" data-wow-delay=\".8s\">\n                            <a href=\"\">\n                                <img decoding=\"async\" src=\"https:\/\/officecomputers.net\/wp-content\/uploads\/2024\/08\/APC.png\" alt=\"brand\" class=\"img-fluid\">\n                            <\/a>\n                        <\/div>\n                                                <div class=\"el2-brand-single wow animate__flipInX\" data-wow-delay=\".9s\">\n                            <a href=\"\">\n                                <img decoding=\"async\" src=\"https:\/\/officecomputers.net\/wp-content\/uploads\/2024\/08\/DAHUA.png\" alt=\"brand\" class=\"img-fluid\">\n                            <\/a>\n                        <\/div>\n                                                <div class=\"el2-brand-single wow animate__flipInX\" data-wow-delay=\".10s\">\n                            <a href=\"\">\n                                <img decoding=\"async\" src=\"https:\/\/officecomputers.net\/wp-content\/uploads\/2024\/08\/ADATA.png\" alt=\"brand\" class=\"img-fluid\">\n                            <\/a>\n                        <\/div>\n                                                <div class=\"el2-brand-single wow animate__flipInX\" data-wow-delay=\".11s\">\n                            <a href=\"\">\n                                <img decoding=\"async\" src=\"https:\/\/officecomputers.net\/wp-content\/uploads\/2024\/09\/KINGSTON.png\" alt=\"brand\" class=\"img-fluid\">\n                            <\/a>\n                        <\/div>\n                                                <div class=\"el2-brand-single wow animate__flipInX\" data-wow-delay=\".12s\">\n                            <a href=\"\">\n                                <img decoding=\"async\" src=\"https:\/\/officecomputers.net\/wp-content\/uploads\/2024\/09\/HIKVISION.png\" alt=\"brand\" class=\"img-fluid\">\n                            <\/a>\n                        <\/div>\n                                                <div class=\"el2-brand-single wow animate__flipInX\" data-wow-delay=\".13s\">\n                            <a href=\"\">\n                                <img decoding=\"async\" src=\"https:\/\/officecomputers.net\/wp-content\/uploads\/2024\/09\/SEAGATE.png\" alt=\"brand\" class=\"img-fluid\">\n                            <\/a>\n                        <\/div>\n                                                <div class=\"el2-brand-single wow animate__flipInX\" data-wow-delay=\".14s\">\n                            <a href=\"\">\n                                <img decoding=\"async\" src=\"https:\/\/officecomputers.net\/wp-content\/uploads\/2024\/09\/FORZA.png\" alt=\"brand\" class=\"img-fluid\">\n                            <\/a>\n                        <\/div>\n                                                <div class=\"el2-brand-single wow animate__flipInX\" data-wow-delay=\".15s\">\n                            <a href=\"\">\n                                <img decoding=\"async\" src=\"https:\/\/officecomputers.net\/wp-content\/uploads\/2024\/09\/MSI.png\" alt=\"brand\" class=\"img-fluid\">\n                            <\/a>\n                        <\/div>\n                        \n\n                <\/div>\n            <\/div>\n        <\/div>\n        <!--brand section end -->\n        \t\t\t\t<\/div>\n\t\t\t\t<\/div>\n\t\t\t\t\t<\/div>\n\t\t\t\t<\/div>\n\t\t\t\t<\/div>\n\t\t","protected":false},"excerpt":{"rendered":"<p>Acerca de nosotros \u00bfQuienes somos? Office Computers sociedad de responsabilidad limitada es una empresa de capital netamente hondure\u00f1a, orientada a la comercializaci\u00f3n y distribuci\u00f3n de productos para oficina, tecnolog\u00eda, redes, bioseguridad e instalaciones. OC nace para cubrir una necesidad corporativa de entregas emergentes, de ah\u00ed nuestro lema; \u201cnadie entrega m\u00e1s r\u00e1pido que Office Computers\u201d, inculcamos [&hellip;]<\/p>\n","protected":false},"author":1,"featured_media":0,"parent":0,"menu_order":0,"comment_status":"closed","ping_status":"closed","template":"elementor_header_footer","meta":{"footnotes":""},"class_list":["post-5719","page","type-page","status-publish","hentry"],"acf":[],"jetpack_sharing_enabled":true,"_links":{"self":[{"href":"https:\/\/officecomputers.net\/index.php\/wp-json\/wp\/v2\/pages\/5719","targetHints":{"allow":["GET"]}}],"collection":[{"href":"https:\/\/officecomputers.net\/index.php\/wp-json\/wp\/v2\/pages"}],"about":[{"href":"https:\/\/officecomputers.net\/index.php\/wp-json\/wp\/v2\/types\/page"}],"author":[{"embeddable":true,"href":"https:\/\/officecomputers.net\/index.php\/wp-json\/wp\/v2\/users\/1"}],"replies":[{"embeddable":true,"href":"https:\/\/officecomputers.net\/index.php\/wp-json\/wp\/v2\/comments?post=5719"}],"version-history":[{"count":13,"href":"https:\/\/officecomputers.net\/index.php\/wp-json\/wp\/v2\/pages\/5719\/revisions"}],"predecessor-version":[{"id":7123,"href":"https:\/\/officecomputers.net\/index.php\/wp-json\/wp\/v2\/pages\/5719\/revisions\/7123"}],"wp:attachment":[{"href":"https:\/\/officecomputers.net\/index.php\/wp-json\/wp\/v2\/media?parent=5719"}],"curies":[{"name":"wp","href":"https:\/\/api.w.org\/{rel}","templated":true}]}}